{"id":942,"date":"2025-03-10T23:20:18","date_gmt":"2025-03-10T22:20:18","guid":{"rendered":"https:\/\/www.new.zen-therapies.com\/?page_id=942"},"modified":"2025-03-15T21:09:07","modified_gmt":"2025-03-15T20:09:07","slug":"psychogenealogie","status":"publish","type":"page","link":"https:\/\/www.zen-therapies.com\/?page_id=942","title":{"rendered":"Psychog\u00e9n\u00e9alogie"},"content":{"rendered":"\t\t<div data-elementor-type=\"wp-page\" data-elementor-id=\"942\" class=\"elementor elementor-942\">\n\t\t\t\t<div class=\"elementor-element elementor-element-69f649b5 e-flex e-con-boxed e-con e-parent\" data-id=\"69f649b5\" data-element_type=\"container\">\n\t\t\t\t\t<div class=\"e-con-inner\">\n\t\t\t\t<div class=\"elementor-element elementor-element-14fea2ae elementor-widget elementor-widget-heading\" data-id=\"14fea2ae\" data-element_type=\"widget\" data-widget_type=\"heading.default\">\n\t\t\t\t<div class=\"elementor-widget-container\">\n\t\t\t\t\t<h2 class=\"elementor-heading-title elementor-size-default\">Psychog\u00e9n\u00e9alogie<\/h2>\t\t\t\t<\/div>\n\t\t\t\t<\/div>\n\t\t\t\t\t<\/div>\n\t\t\t\t<\/div>\n\t\t<div class=\"elementor-element elementor-element-6346c5dd e-con-full e-flex e-con e-parent\" data-id=\"6346c5dd\" data-element_type=\"container\">\n\t\t<div class=\"elementor-element elementor-element-7909741e e-con-full e-flex e-con e-child\" data-id=\"7909741e\" data-element_type=\"container\" data-settings=\"{&quot;background_background&quot;:&quot;classic&quot;}\">\n\t\t<div class=\"elementor-element elementor-element-5a95711c e-con-full e-flex e-con e-child\" data-id=\"5a95711c\" data-element_type=\"container\" data-settings=\"{&quot;background_background&quot;:&quot;classic&quot;}\">\n\t\t\t\t<div class=\"elementor-element elementor-element-719724ba gallery-spacing-custom elementor-widget elementor-widget-image-gallery\" data-id=\"719724ba\" data-element_type=\"widget\" data-widget_type=\"image-gallery.default\">\n\t\t\t\t<div class=\"elementor-widget-container\">\n\t\t\t\t\t\t\t<div class=\"elementor-image-gallery\">\n\t\t\t<div id='gallery-1' class='gallery galleryid-942 gallery-columns-1 gallery-size-full'><figure class='gallery-item'>\n\t\t\t<div class='gallery-icon landscape'>\n\t\t\t\t<a data-elementor-open-lightbox=\"yes\" data-elementor-lightbox-slideshow=\"719724ba\" data-e-action-hash=\"#elementor-action%3Aaction%3Dlightbox%26settings%3DeyJpZCI6OTQ0LCJ1cmwiOiJodHRwczpcL1wvd3d3Lnplbi10aGVyYXBpZXMuY29tXC93cC1jb250ZW50XC91cGxvYWRzXC8yMDI1XC8wM1wvcHN5Y2hvLWdlbmVhbG9naWUuanBnIiwic2xpZGVzaG93IjoiNzE5NzI0YmEifQ%3D%3D\" href='https:\/\/www.zen-therapies.com\/wp-content\/uploads\/2025\/03\/psycho-genealogie.jpg'><img fetchpriority=\"high\" decoding=\"async\" width=\"640\" height=\"640\" src=\"https:\/\/www.zen-therapies.com\/wp-content\/uploads\/2025\/03\/psycho-genealogie.jpg\" class=\"attachment-full size-full\" alt=\"\" srcset=\"https:\/\/www.zen-therapies.com\/wp-content\/uploads\/2025\/03\/psycho-genealogie.jpg 640w, https:\/\/www.zen-therapies.com\/wp-content\/uploads\/2025\/03\/psycho-genealogie-300x300.jpg 300w, https:\/\/www.zen-therapies.com\/wp-content\/uploads\/2025\/03\/psycho-genealogie-150x150.jpg 150w\" sizes=\"(max-width: 640px) 100vw, 640px\" \/><\/a>\n\t\t\t<\/div><\/figure><figure class='gallery-item'>\n\t\t\t<div class='gallery-icon landscape'>\n\t\t\t\t<a data-elementor-open-lightbox=\"yes\" data-elementor-lightbox-slideshow=\"719724ba\" data-e-action-hash=\"#elementor-action%3Aaction%3Dlightbox%26settings%3DeyJpZCI6OTYyLCJ1cmwiOiJodHRwczpcL1wvd3d3Lnplbi10aGVyYXBpZXMuY29tXC93cC1jb250ZW50XC91cGxvYWRzXC8yMDI1XC8wM1wvZ2VuZWFsb2d5LTEuanBnIiwic2xpZGVzaG93IjoiNzE5NzI0YmEifQ%3D%3D\" href='https:\/\/www.zen-therapies.com\/wp-content\/uploads\/2025\/03\/genealogy-1.jpg'><img decoding=\"async\" width=\"1920\" height=\"1364\" src=\"https:\/\/www.zen-therapies.com\/wp-content\/uploads\/2025\/03\/genealogy-1.jpg\" class=\"attachment-full size-full\" alt=\"\" srcset=\"https:\/\/www.zen-therapies.com\/wp-content\/uploads\/2025\/03\/genealogy-1.jpg 1920w, https:\/\/www.zen-therapies.com\/wp-content\/uploads\/2025\/03\/genealogy-1-300x213.jpg 300w, https:\/\/www.zen-therapies.com\/wp-content\/uploads\/2025\/03\/genealogy-1-1024x727.jpg 1024w, https:\/\/www.zen-therapies.com\/wp-content\/uploads\/2025\/03\/genealogy-1-768x546.jpg 768w, https:\/\/www.zen-therapies.com\/wp-content\/uploads\/2025\/03\/genealogy-1-1536x1091.jpg 1536w\" sizes=\"(max-width: 1920px) 100vw, 1920px\" \/><\/a>\n\t\t\t<\/div><\/figure>\n\t\t<\/div>\n\t\t<\/div>\n\t\t\t\t\t\t<\/div>\n\t\t\t\t<\/div>\n\t\t\t\t<\/div>\n\t\t<div class=\"elementor-element elementor-element-2d947aeb e-con-full e-flex e-con e-child\" data-id=\"2d947aeb\" data-element_type=\"container\" data-settings=\"{&quot;background_background&quot;:&quot;classic&quot;}\">\n\t\t\t\t<div class=\"elementor-element elementor-element-6bc10d8 elementor-widget__width-initial elementor-vertical-align-top elementor-widget elementor-widget-image-box\" data-id=\"6bc10d8\" data-element_type=\"widget\" data-widget_type=\"image-box.default\">\n\t\t\t\t<div class=\"elementor-widget-container\">\n\t\t\t\t\t<div class=\"elementor-image-box-wrapper\"><div class=\"elementor-image-box-content\"><p class=\"elementor-image-box-description\">La psychog\u00e9n\u00e9alogie est une approche th\u00e9rapeutique qui explore les liens entre les \u00e9v\u00e9nements v\u00e9cus par les anc\u00eatres et les comportements, \u00e9motions et maladies des descendants. D\u00e9velopp\u00e9e dans les ann\u00e9es 1970 par Anne Ancelin Sch\u00fctzenberger, cette m\u00e9thode repose sur l\u2019id\u00e9e que les traumatismes, secrets et conflits non r\u00e9solus peuvent se transmettre de g\u00e9n\u00e9ration en g\u00e9n\u00e9ration.\n\n\n<br><br>Voici quelques points cl\u00e9s :<br>\n\n\n1\/Origine : La psychog\u00e9n\u00e9alogie s\u2019inspire de la psychanalyse, de la psychologie, de la psychoth\u00e9rapie et de la syst\u00e9mique.<br>\n\n2\/G\u00e9nosociogramme : Un outil utilis\u00e9 en psychog\u00e9n\u00e9alogie pour cartographier les \u00e9v\u00e9nements marquants et les relations familiales sur plusieurs g\u00e9n\u00e9rations.<br>\n\n3\/Applications : La psychog\u00e9n\u00e9alogie est utilis\u00e9e pour comprendre et r\u00e9soudre des probl\u00e8mes \u00e9motionnels, comportementaux et physiques en identifiant les sch\u00e9mas r\u00e9p\u00e9titifs et les traumatismes familiaux<br>\n\n4\/S\u00e9ance de g\u00e9n\u00e9alogie : Apr\u00e8s avoir rempli et recherch\u00e9 vos anc\u00e8tres sur minimum 3 g\u00e9n\u00e9rations , en questionnant vos proches ou sur des logiciels de g\u00e9n\u00e9alogie , le g\u00e9nosociogramme permettra de d\u00e9couvrir des non dits , des secrets , des maladies , des naissances ou des d\u00e9c\u00e8s , des probl\u00e8mes relationnels, impliquant directement ou indirectement des sch\u00e8mas ou des comportements et nos \u00e9motions dans votre vie.  En identifiant les sch\u00e9mas r\u00e9p\u00e9titifs et les traumatismes transmis de g\u00e9n\u00e9ration en g\u00e9n\u00e9ration, cette approche aide \u00e0 r\u00e9soudre les probl\u00e8mes personnels et \u00e0 briser les cycles de r\u00e9p\u00e9tition inconscient<\/p><\/div><\/div>\t\t\t\t<\/div>\n\t\t\t\t<\/div>\n\t\t\t\t<\/div>\n\t\t\t\t<\/div>\n\t\t\t\t<\/div>\n\t\t<div class=\"elementor-element elementor-element-ea83c32 elementor-hidden-desktop elementor-hidden-tablet e-flex e-con-boxed e-con e-parent\" data-id=\"ea83c32\" data-element_type=\"container\">\n\t\t\t\t\t<div class=\"e-con-inner\">\n\t\t\t\t<div class=\"elementor-element elementor-element-26c7888 elementor-hidden-desktop elementor-hidden-tablet elementor-widget elementor-widget-text-editor\" data-id=\"26c7888\" data-element_type=\"widget\" data-widget_type=\"text-editor.default\">\n\t\t\t\t<div class=\"elementor-widget-container\">\n\t\t\t\t\t\t\t\t\t<p>La psychog\u00e9n\u00e9alogie est une approche th\u00e9rapeutique qui explore les liens entre les \u00e9v\u00e9nements v\u00e9cus par les anc\u00eatres et les comportements, \u00e9motions et maladies des descendants. D\u00e9velopp\u00e9e dans les ann\u00e9es 1970 par Anne Ancelin Sch\u00fctzenberger, cette m\u00e9thode repose sur l\u2019id\u00e9e que les traumatismes, secrets et conflits non r\u00e9solus peuvent se transmettre de g\u00e9n\u00e9ration en g\u00e9n\u00e9ration.<\/p><p>&lt;br&gt;Voici quelques points cl\u00e9s :&lt;br&gt;<\/p><p>1\/Origine : La psychog\u00e9n\u00e9alogie s\u2019inspire de la psychanalyse, de la psychologie, de la psychoth\u00e9rapie et de la syst\u00e9mique.&lt;br&gt;<\/p><p>2\/G\u00e9nosociogramme : Un outil utilis\u00e9 en psychog\u00e9n\u00e9alogie pour cartographier les \u00e9v\u00e9nements marquants et les relations familiales sur plusieurs g\u00e9n\u00e9rations.&lt;br&gt;<\/p><p>3\/Applications : La psychog\u00e9n\u00e9alogie est utilis\u00e9e pour comprendre et r\u00e9soudre des probl\u00e8mes \u00e9motionnels, comportementaux et physiques en identifiant les sch\u00e9mas r\u00e9p\u00e9titifs et les traumatismes familiaux&lt;br&gt;<\/p><p>4\/S\u00e9ance de g\u00e9n\u00e9alogie : Apr\u00e8s avoir rempli et recherch\u00e9 vos anc\u00e8tres sur minimum 3 g\u00e9n\u00e9rations , en questionnant vos proches ou sur des logiciels de g\u00e9n\u00e9alogie , le g\u00e9nosociogramme permettra de d\u00e9couvrir des non dits , des secrets , des maladies , des naissances ou des d\u00e9c\u00e8s , des probl\u00e8mes relationnels, impliquant directement ou indirectement des sch\u00e8mas ou des comportements et nos \u00e9motions dans votre vie. En identifiant les sch\u00e9mas r\u00e9p\u00e9titifs et les traumatismes transmis de g\u00e9n\u00e9ration en g\u00e9n\u00e9ration, cette approche aide \u00e0 r\u00e9soudre les probl\u00e8mes personnels et \u00e0 briser les cycles de r\u00e9p\u00e9tition inconscient<\/p>\t\t\t\t\t\t\t\t<\/div>\n\t\t\t\t<\/div>\n\t\t\t\t\t<\/div>\n\t\t\t\t<\/div>\n\t\t\t\t<\/div>\n\t\t","protected":false},"excerpt":{"rendered":"<p>Psychog\u00e9n\u00e9alogie La psychog\u00e9n\u00e9alogie est une approche th\u00e9rapeutique qui explore les liens entre les \u00e9v\u00e9nements v\u00e9cus par les anc\u00eatres et les comportements, \u00e9motions et maladies des descendants. D\u00e9velopp\u00e9e dans les ann\u00e9es 1970 par Anne Ancelin Sch\u00fctzenberger, cette m\u00e9thode repose sur l\u2019id\u00e9e que les traumatismes, secrets et conflits non r\u00e9solus peuvent se transmettre de g\u00e9n\u00e9ration en g\u00e9n\u00e9ration. [&hellip;]<\/p>\n","protected":false},"author":1,"featured_media":0,"parent":0,"menu_order":0,"comment_status":"closed","ping_status":"closed","template":"","meta":{"footnotes":""},"class_list":["post-942","page","type-page","status-publish","hentry"],"_links":{"self":[{"href":"https:\/\/www.zen-therapies.com\/index.php?rest_route=\/wp\/v2\/pages\/942","targetHints":{"allow":["GET"]}}],"collection":[{"href":"https:\/\/www.zen-therapies.com\/index.php?rest_route=\/wp\/v2\/pages"}],"about":[{"href":"https:\/\/www.zen-therapies.com\/index.php?rest_route=\/wp\/v2\/types\/page"}],"author":[{"embeddable":true,"href":"https:\/\/www.zen-therapies.com\/index.php?rest_route=\/wp\/v2\/users\/1"}],"replies":[{"embeddable":true,"href":"https:\/\/www.zen-therapies.com\/index.php?rest_route=%2Fwp%2Fv2%2Fcomments&post=942"}],"version-history":[{"count":31,"href":"https:\/\/www.zen-therapies.com\/index.php?rest_route=\/wp\/v2\/pages\/942\/revisions"}],"predecessor-version":[{"id":1031,"href":"https:\/\/www.zen-therapies.com\/index.php?rest_route=\/wp\/v2\/pages\/942\/revisions\/1031"}],"wp:attachment":[{"href":"https:\/\/www.zen-therapies.com\/index.php?rest_route=%2Fwp%2Fv2%2Fmedia&parent=942"}],"curies":[{"name":"wp","href":"https:\/\/api.w.org\/{rel}","templated":true}]}}