{"id":929,"date":"2025-03-10T23:06:03","date_gmt":"2025-03-10T22:06:03","guid":{"rendered":"https:\/\/www.new.zen-therapies.com\/?page_id=929"},"modified":"2025-03-10T23:07:43","modified_gmt":"2025-03-10T22:07:43","slug":"phytotherapie","status":"publish","type":"page","link":"https:\/\/www.zen-therapies.com\/?page_id=929","title":{"rendered":"PHYTOTHERAPIE"},"content":{"rendered":"\t\t<div data-elementor-type=\"wp-page\" data-elementor-id=\"929\" class=\"elementor elementor-929\">\n\t\t\t\t<div class=\"elementor-element elementor-element-4393747b e-flex e-con-boxed e-con e-parent\" data-id=\"4393747b\" data-element_type=\"container\">\n\t\t\t\t\t<div class=\"e-con-inner\">\n\t\t\t\t<div class=\"elementor-element elementor-element-22590805 elementor-widget elementor-widget-heading\" data-id=\"22590805\" data-element_type=\"widget\" data-widget_type=\"heading.default\">\n\t\t\t\t<div class=\"elementor-widget-container\">\n\t\t\t\t\t<h2 class=\"elementor-heading-title elementor-size-default\">Phytoth\u00e9rapie\n<\/h2>\t\t\t\t<\/div>\n\t\t\t\t<\/div>\n\t\t\t\t\t<\/div>\n\t\t\t\t<\/div>\n\t\t<div class=\"elementor-element elementor-element-4b3654e2 e-con-full e-flex e-con e-parent\" data-id=\"4b3654e2\" data-element_type=\"container\">\n\t\t<div class=\"elementor-element elementor-element-2e22ff75 e-con-full e-flex e-con e-child\" data-id=\"2e22ff75\" data-element_type=\"container\" data-settings=\"{&quot;background_background&quot;:&quot;classic&quot;}\">\n\t\t<div class=\"elementor-element elementor-element-4f1e28eb e-con-full e-flex e-con e-child\" data-id=\"4f1e28eb\" data-element_type=\"container\" data-settings=\"{&quot;background_background&quot;:&quot;classic&quot;}\">\n\t\t\t\t<div class=\"elementor-element elementor-element-4472ef77 gallery-spacing-custom elementor-widget elementor-widget-image-gallery\" data-id=\"4472ef77\" data-element_type=\"widget\" data-widget_type=\"image-gallery.default\">\n\t\t\t\t<div class=\"elementor-widget-container\">\n\t\t\t\t\t\t\t<div class=\"elementor-image-gallery\">\n\t\t\t<div id='gallery-1' class='gallery galleryid-929 gallery-columns-1 gallery-size-medium'><figure class='gallery-item'>\n\t\t\t<div class='gallery-icon landscape'>\n\t\t\t\t<a data-elementor-open-lightbox=\"yes\" data-elementor-lightbox-slideshow=\"4472ef77\" data-e-action-hash=\"#elementor-action%3Aaction%3Dlightbox%26settings%3DeyJpZCI6OTMxLCJ1cmwiOiJodHRwczpcL1wvd3d3Lnplbi10aGVyYXBpZXMuY29tXC93cC1jb250ZW50XC91cGxvYWRzXC8yMDI1XC8wM1wvcGh5dG90aGVyYXBpZS1lMTM3MjcyMzA5NTQzNy5qcGciLCJzbGlkZXNob3ciOiI0NDcyZWY3NyJ9\" href='https:\/\/www.zen-therapies.com\/wp-content\/uploads\/2025\/03\/phytotherapie-e1372723095437.jpg'><img fetchpriority=\"high\" decoding=\"async\" width=\"300\" height=\"199\" src=\"https:\/\/www.zen-therapies.com\/wp-content\/uploads\/2025\/03\/phytotherapie-e1372723095437-300x199.jpg\" class=\"attachment-medium size-medium\" alt=\"\" srcset=\"https:\/\/www.zen-therapies.com\/wp-content\/uploads\/2025\/03\/phytotherapie-e1372723095437-300x199.jpg 300w, https:\/\/www.zen-therapies.com\/wp-content\/uploads\/2025\/03\/phytotherapie-e1372723095437.jpg 400w\" sizes=\"(max-width: 300px) 100vw, 300px\" \/><\/a>\n\t\t\t<\/div><\/figure><figure class='gallery-item'>\n\t\t\t<div class='gallery-icon landscape'>\n\t\t\t\t<a data-elementor-open-lightbox=\"yes\" data-elementor-lightbox-slideshow=\"4472ef77\" data-e-action-hash=\"#elementor-action%3Aaction%3Dlightbox%26settings%3DeyJpZCI6OTMyLCJ1cmwiOiJodHRwczpcL1wvd3d3Lnplbi10aGVyYXBpZXMuY29tXC93cC1jb250ZW50XC91cGxvYWRzXC8yMDI1XC8wM1wvbmF0dXJvcGF0aGllLTIuanBlZyIsInNsaWRlc2hvdyI6IjQ0NzJlZjc3In0%3D\" href='https:\/\/www.zen-therapies.com\/wp-content\/uploads\/2025\/03\/naturopathie-2.jpeg'><img decoding=\"async\" width=\"300\" height=\"225\" src=\"https:\/\/www.zen-therapies.com\/wp-content\/uploads\/2025\/03\/naturopathie-2-300x225.jpeg\" class=\"attachment-medium size-medium\" alt=\"\" srcset=\"https:\/\/www.zen-therapies.com\/wp-content\/uploads\/2025\/03\/naturopathie-2-300x225.jpeg 300w, https:\/\/www.zen-therapies.com\/wp-content\/uploads\/2025\/03\/naturopathie-2-768x576.jpeg 768w, https:\/\/www.zen-therapies.com\/wp-content\/uploads\/2025\/03\/naturopathie-2.jpeg 800w\" sizes=\"(max-width: 300px) 100vw, 300px\" \/><\/a>\n\t\t\t<\/div><\/figure><figure class='gallery-item'>\n\t\t\t<div class='gallery-icon landscape'>\n\t\t\t\t<a data-elementor-open-lightbox=\"yes\" data-elementor-lightbox-slideshow=\"4472ef77\" data-e-action-hash=\"#elementor-action%3Aaction%3Dlightbox%26settings%3DeyJpZCI6OTE5LCJ1cmwiOiJodHRwczpcL1wvd3d3Lnplbi10aGVyYXBpZXMuY29tXC93cC1jb250ZW50XC91cGxvYWRzXC8yMDI1XC8wM1wvbmF0dXJvcGF0aGllLTEuanBnIiwic2xpZGVzaG93IjoiNDQ3MmVmNzcifQ%3D%3D\" href='https:\/\/www.zen-therapies.com\/wp-content\/uploads\/2025\/03\/naturopathie-1.jpg'><img decoding=\"async\" width=\"300\" height=\"300\" src=\"https:\/\/www.zen-therapies.com\/wp-content\/uploads\/2025\/03\/naturopathie-1-300x300.jpg\" class=\"attachment-medium size-medium\" alt=\"\" srcset=\"https:\/\/www.zen-therapies.com\/wp-content\/uploads\/2025\/03\/naturopathie-1-300x300.jpg 300w, https:\/\/www.zen-therapies.com\/wp-content\/uploads\/2025\/03\/naturopathie-1-1024x1024.jpg 1024w, https:\/\/www.zen-therapies.com\/wp-content\/uploads\/2025\/03\/naturopathie-1-150x150.jpg 150w, https:\/\/www.zen-therapies.com\/wp-content\/uploads\/2025\/03\/naturopathie-1-768x768.jpg 768w, https:\/\/www.zen-therapies.com\/wp-content\/uploads\/2025\/03\/naturopathie-1.jpg 1280w\" sizes=\"(max-width: 300px) 100vw, 300px\" \/><\/a>\n\t\t\t<\/div><\/figure>\n\t\t<\/div>\n\t\t<\/div>\n\t\t\t\t\t\t<\/div>\n\t\t\t\t<\/div>\n\t\t\t\t<\/div>\n\t\t<div class=\"elementor-element elementor-element-71d9b75f e-con-full e-flex e-con e-child\" data-id=\"71d9b75f\" data-element_type=\"container\" data-settings=\"{&quot;background_background&quot;:&quot;classic&quot;}\">\n\t\t\t\t<div class=\"elementor-element elementor-element-37eef9b3 elementor-widget elementor-widget-text-editor\" data-id=\"37eef9b3\" data-element_type=\"widget\" data-widget_type=\"text-editor.default\">\n\t\t\t\t<div class=\"elementor-widget-container\">\n\t\t\t\t\t\t\t\t\t<p>La phytoth\u00e9rapie est une pratique m\u00e9dicale qui utilise les plantes et leurs extraits pour pr\u00e9venir, soulager ou gu\u00e9rir des maladies. Voici quelques d\u00e9tails cl\u00e9s :<\/p><ol start=\"1\"><li><p><strong>Origine<\/strong> : La phytoth\u00e9rapie remonte \u00e0 l&rsquo;aube de l&rsquo;humanit\u00e9, avec des t\u00e9moignages de son usage en \u00c9gypte et en M\u00e9sopotamie. Les Grecs, avec Hippocrate, ont \u00e9t\u00e9 parmi les premiers \u00e0 \u00e9tudier les propri\u00e9t\u00e9s des plantes.<\/p><\/li><li class=\"ps-2\"><p><strong>D\u00e9finition<\/strong> : Le terme \u00ab\u00a0phytoth\u00e9rapie\u00a0\u00bb d\u00e9rive du grec \u00ab\u00a0phyton\u00a0\u00bb (plante) et \u00ab\u00a0therapeia\u00a0\u00bb (traitement). Elle implique l&rsquo;utilisation des plantes pour traiter ou pr\u00e9venir les maladies, en utilisant diverses parties telles que les feuilles, les fleurs, les racines, ou la plante enti\u00e8re.<\/p><\/li><li class=\"ps-2\"><p><strong>M\u00e9thodes d&rsquo;utilisation<\/strong> : Les plantes peuvent \u00eatre utilis\u00e9es de diff\u00e9rentes mani\u00e8res, soit par ingestion interne (tisanes, g\u00e9lules, teintures), soit par application externe (cataplasmes, frictions, inhalations).<\/p><\/li><li class=\"ps-2\"><p><strong>Phytoth\u00e9rapie moderne<\/strong> : Aujourd&rsquo;hui, la phytoth\u00e9rapie moderne utilise des m\u00e9thodes d&rsquo;extraction des principes actifs des plantes et valide leurs propri\u00e9t\u00e9s b\u00e9n\u00e9fiques par des analyses biochimiques et pharmacologiques<\/p><\/li><li><strong><strong>Nutrith\u00e9rapie :<\/strong><\/strong><p><strong>NUTRAVANCE<\/strong> propose des <strong>gammes de nutrith\u00e9rapie<\/strong> adapt\u00e9es \u00e0 chacun. Un seul objectif : vous apporter mieux-\u00eatre et bien-\u00eatre avec des <strong>formules naturelles<\/strong> de tr\u00e8s haute qualit\u00e9.<\/p><\/li><\/ol>\t\t\t\t\t\t\t\t<\/div>\n\t\t\t\t<\/div>\n\t\t\t\t<\/div>\n\t\t\t\t<\/div>\n\t\t\t\t<\/div>\n\t\t\t\t<\/div>\n\t\t","protected":false},"excerpt":{"rendered":"<p>Phytoth\u00e9rapie La phytoth\u00e9rapie est une pratique m\u00e9dicale qui utilise les plantes et leurs extraits pour pr\u00e9venir, soulager ou gu\u00e9rir des maladies. Voici quelques d\u00e9tails cl\u00e9s : Origine : La phytoth\u00e9rapie remonte \u00e0 l&rsquo;aube de l&rsquo;humanit\u00e9, avec des t\u00e9moignages de son usage en \u00c9gypte et en M\u00e9sopotamie. Les Grecs, avec Hippocrate, ont \u00e9t\u00e9 parmi les premiers [&hellip;]<\/p>\n","protected":false},"author":1,"featured_media":0,"parent":0,"menu_order":0,"comment_status":"closed","ping_status":"closed","template":"","meta":{"footnotes":""},"class_list":["post-929","page","type-page","status-publish","hentry"],"_links":{"self":[{"href":"https:\/\/www.zen-therapies.com\/index.php?rest_route=\/wp\/v2\/pages\/929","targetHints":{"allow":["GET"]}}],"collection":[{"href":"https:\/\/www.zen-therapies.com\/index.php?rest_route=\/wp\/v2\/pages"}],"about":[{"href":"https:\/\/www.zen-therapies.com\/index.php?rest_route=\/wp\/v2\/types\/page"}],"author":[{"embeddable":true,"href":"https:\/\/www.zen-therapies.com\/index.php?rest_route=\/wp\/v2\/users\/1"}],"replies":[{"embeddable":true,"href":"https:\/\/www.zen-therapies.com\/index.php?rest_route=%2Fwp%2Fv2%2Fcomments&post=929"}],"version-history":[{"count":4,"href":"https:\/\/www.zen-therapies.com\/index.php?rest_route=\/wp\/v2\/pages\/929\/revisions"}],"predecessor-version":[{"id":936,"href":"https:\/\/www.zen-therapies.com\/index.php?rest_route=\/wp\/v2\/pages\/929\/revisions\/936"}],"wp:attachment":[{"href":"https:\/\/www.zen-therapies.com\/index.php?rest_route=%2Fwp%2Fv2%2Fmedia&parent=929"}],"curies":[{"name":"wp","href":"https:\/\/api.w.org\/{rel}","templated":true}]}}