{"id":916,"date":"2025-03-10T22:39:41","date_gmt":"2025-03-10T21:39:41","guid":{"rendered":"https:\/\/www.new.zen-therapies.com\/?page_id=916"},"modified":"2025-03-10T22:47:20","modified_gmt":"2025-03-10T21:47:20","slug":"naturopathie-quantique","status":"publish","type":"page","link":"https:\/\/www.zen-therapies.com\/?page_id=916","title":{"rendered":"Naturopathie Quantique"},"content":{"rendered":"\t\t<div data-elementor-type=\"wp-page\" data-elementor-id=\"916\" class=\"elementor elementor-916\">\n\t\t\t\t<div class=\"elementor-element elementor-element-2f1c4c e-flex e-con-boxed e-con e-parent\" data-id=\"2f1c4c\" data-element_type=\"container\">\n\t\t\t\t\t<div class=\"e-con-inner\">\n\t\t\t\t<div class=\"elementor-element elementor-element-7594276d elementor-widget elementor-widget-heading\" data-id=\"7594276d\" data-element_type=\"widget\" data-widget_type=\"heading.default\">\n\t\t\t\t<div class=\"elementor-widget-container\">\n\t\t\t\t\t<h2 class=\"elementor-heading-title elementor-size-default\">Naturopathie Quantique<\/h2>\t\t\t\t<\/div>\n\t\t\t\t<\/div>\n\t\t\t\t\t<\/div>\n\t\t\t\t<\/div>\n\t\t<div class=\"elementor-element elementor-element-4e10fcbd e-con-full e-flex e-con e-parent\" data-id=\"4e10fcbd\" data-element_type=\"container\">\n\t\t<div class=\"elementor-element elementor-element-5d3c91f7 e-con-full e-flex e-con e-child\" data-id=\"5d3c91f7\" data-element_type=\"container\" data-settings=\"{&quot;background_background&quot;:&quot;classic&quot;}\">\n\t\t<div class=\"elementor-element elementor-element-c4846f4 e-con-full e-flex e-con e-child\" data-id=\"c4846f4\" data-element_type=\"container\" data-settings=\"{&quot;background_background&quot;:&quot;classic&quot;}\">\n\t\t\t\t<div class=\"elementor-element elementor-element-2d676bb0 gallery-spacing-custom elementor-widget elementor-widget-image-gallery\" data-id=\"2d676bb0\" data-element_type=\"widget\" data-widget_type=\"image-gallery.default\">\n\t\t\t\t<div class=\"elementor-widget-container\">\n\t\t\t\t\t\t\t<div class=\"elementor-image-gallery\">\n\t\t\t<div id='gallery-1' class='gallery galleryid-916 gallery-columns-1 gallery-size-medium'><figure class='gallery-item'>\n\t\t\t<div class='gallery-icon landscape'>\n\t\t\t\t<a data-elementor-open-lightbox=\"yes\" data-elementor-lightbox-slideshow=\"2d676bb0\" data-e-action-hash=\"#elementor-action%3Aaction%3Dlightbox%26settings%3DeyJpZCI6OTE4LCJ1cmwiOiJodHRwczpcL1wvd3d3Lnplbi10aGVyYXBpZXMuY29tXC93cC1jb250ZW50XC91cGxvYWRzXC8yMDI1XC8wM1wvZ2FsZXRzLmpwZyIsInNsaWRlc2hvdyI6IjJkNjc2YmIwIn0%3D\" href='https:\/\/www.zen-therapies.com\/wp-content\/uploads\/2025\/03\/galets.jpg'><img decoding=\"async\" width=\"300\" height=\"134\" src=\"https:\/\/www.zen-therapies.com\/wp-content\/uploads\/2025\/03\/galets-300x134.jpg\" class=\"attachment-medium size-medium\" alt=\"\" srcset=\"https:\/\/www.zen-therapies.com\/wp-content\/uploads\/2025\/03\/galets-300x134.jpg 300w, https:\/\/www.zen-therapies.com\/wp-content\/uploads\/2025\/03\/galets-1024x459.jpg 1024w, https:\/\/www.zen-therapies.com\/wp-content\/uploads\/2025\/03\/galets-768x344.jpg 768w, https:\/\/www.zen-therapies.com\/wp-content\/uploads\/2025\/03\/galets.jpg 1506w\" sizes=\"(max-width: 300px) 100vw, 300px\" \/><\/a>\n\t\t\t<\/div><\/figure><figure class='gallery-item'>\n\t\t\t<div class='gallery-icon landscape'>\n\t\t\t\t<a data-elementor-open-lightbox=\"yes\" data-elementor-lightbox-slideshow=\"2d676bb0\" data-e-action-hash=\"#elementor-action%3Aaction%3Dlightbox%26settings%3DeyJpZCI6OTE5LCJ1cmwiOiJodHRwczpcL1wvd3d3Lnplbi10aGVyYXBpZXMuY29tXC93cC1jb250ZW50XC91cGxvYWRzXC8yMDI1XC8wM1wvbmF0dXJvcGF0aGllLTEuanBnIiwic2xpZGVzaG93IjoiMmQ2NzZiYjAifQ%3D%3D\" href='https:\/\/www.zen-therapies.com\/wp-content\/uploads\/2025\/03\/naturopathie-1.jpg'><img fetchpriority=\"high\" decoding=\"async\" width=\"300\" height=\"300\" src=\"https:\/\/www.zen-therapies.com\/wp-content\/uploads\/2025\/03\/naturopathie-1-300x300.jpg\" class=\"attachment-medium size-medium\" alt=\"\" srcset=\"https:\/\/www.zen-therapies.com\/wp-content\/uploads\/2025\/03\/naturopathie-1-300x300.jpg 300w, https:\/\/www.zen-therapies.com\/wp-content\/uploads\/2025\/03\/naturopathie-1-1024x1024.jpg 1024w, https:\/\/www.zen-therapies.com\/wp-content\/uploads\/2025\/03\/naturopathie-1-150x150.jpg 150w, https:\/\/www.zen-therapies.com\/wp-content\/uploads\/2025\/03\/naturopathie-1-768x768.jpg 768w, https:\/\/www.zen-therapies.com\/wp-content\/uploads\/2025\/03\/naturopathie-1.jpg 1280w\" sizes=\"(max-width: 300px) 100vw, 300px\" \/><\/a>\n\t\t\t<\/div><\/figure><figure class='gallery-item'>\n\t\t\t<div class='gallery-icon landscape'>\n\t\t\t\t<a data-elementor-open-lightbox=\"yes\" data-elementor-lightbox-slideshow=\"2d676bb0\" data-e-action-hash=\"#elementor-action%3Aaction%3Dlightbox%26settings%3DeyJpZCI6OTIwLCJ1cmwiOiJodHRwczpcL1wvd3d3Lnplbi10aGVyYXBpZXMuY29tXC93cC1jb250ZW50XC91cGxvYWRzXC8yMDI1XC8wM1wvbmF0dXJvcGF0aGllLmpwZyIsInNsaWRlc2hvdyI6IjJkNjc2YmIwIn0%3D\" href='https:\/\/www.zen-therapies.com\/wp-content\/uploads\/2025\/03\/naturopathie.jpg'><img decoding=\"async\" width=\"300\" height=\"226\" src=\"https:\/\/www.zen-therapies.com\/wp-content\/uploads\/2025\/03\/naturopathie-300x226.jpg\" class=\"attachment-medium size-medium\" alt=\"\" srcset=\"https:\/\/www.zen-therapies.com\/wp-content\/uploads\/2025\/03\/naturopathie-300x226.jpg 300w, https:\/\/www.zen-therapies.com\/wp-content\/uploads\/2025\/03\/naturopathie-1024x771.jpg 1024w, https:\/\/www.zen-therapies.com\/wp-content\/uploads\/2025\/03\/naturopathie-768x578.jpg 768w, https:\/\/www.zen-therapies.com\/wp-content\/uploads\/2025\/03\/naturopathie.jpg 1280w\" sizes=\"(max-width: 300px) 100vw, 300px\" \/><\/a>\n\t\t\t<\/div><\/figure>\n\t\t<\/div>\n\t\t<\/div>\n\t\t\t\t\t\t<\/div>\n\t\t\t\t<\/div>\n\t\t\t\t<\/div>\n\t\t<div class=\"elementor-element elementor-element-53da023b e-con-full e-flex e-con e-child\" data-id=\"53da023b\" data-element_type=\"container\" data-settings=\"{&quot;background_background&quot;:&quot;classic&quot;}\">\n\t\t\t\t<div class=\"elementor-element elementor-element-78243557 elementor-widget elementor-widget-text-editor\" data-id=\"78243557\" data-element_type=\"widget\" data-widget_type=\"text-editor.default\">\n\t\t\t\t<div class=\"elementor-widget-container\">\n\t\t\t\t\t\t\t\t\t<div><h4><span style=\"font-size: large;\">1- DEFINITION\u00a0:<\/span><\/h4><h4 align=\"left\"><span style=\"font-size: large;\"><span style=\"color: #000000;\"><span style=\"font-family: Malgun Gothic, sans-serif;\"><span style=\"font-size: small;\">La naturopathie quantique est une approche qui combine les principes traditionnels de la naturopathie avec <\/span><\/span><\/span><span style=\"color: #000000;\"><span style=\"font-family: Malgun Gothic, sans-serif;\"><span style=\"font-size: small;\">des notions<\/span><\/span><\/span><span style=\"color: #000000;\"><span style=\"font-family: Malgun Gothic, sans-serif;\"><span style=\"font-size: small;\"> de la physique quantique\u00a0; <\/span><\/span><\/span><span style=\"color: #000000;\"><span style=\"font-family: Malgun Gothic, sans-serif;\"><span style=\"font-size: small;\">en se basant sur l\u2019id\u00e9e que le corps humain est non seulement compos\u00e9 de mati\u00e8re, mais aussi d\u2019\u00e9nergie et de champs qui interagissent \u00e0 un niveau subtil. <\/span><\/span><\/span><span style=\"color: #000000;\"><span style=\"font-family: Malgun Gothic, sans-serif;\"><span style=\"font-size: small;\">En agissant sur diff\u00e9rents corps subtils, la naturopathie quantique offre une approche globale pour am\u00e9liorer la sant\u00e9 sur les plans physique, \u00e9nerg\u00e9tique, mental et \u00e9motionnel.<\/span><\/span><\/span><\/span><\/h4><p><strong>2- PROCESSUS :<\/strong><\/p><\/div><div>Nos cellules \u00e9mettent des informations, qui d\u00e9terminent notre \u00e9tat de sant\u00e9 et sur lesquelles il est possible d\u2019agir. Avec une id\u00e9e cl\u00e9 : ce ne sont pas les \u00e9changes biochimiques de nos cellules qui d\u00e9terminent notre \u00e9tat de sant\u00e9, mais les informations qu\u2019elles se communiquent entre elles. Ici, l\u2019origine de la maladie n\u2019est donc pas un probl\u00e8me purement biologique, mais un d\u00e9faut d\u2019information ; le sympt\u00f4me n\u2019est qu\u2019une r\u00e9action \u00e0 ce dernier<\/div><div>\u00a0<\/div><div>C\u2019est l\u2019intuition du praticien qui entre en jeu lorsqu\u2019il d\u00e9tecte ces informations perturbatrices selon des listes pr\u00e9d\u00e9finies sur les diff\u00e9rents corps et dimensions. Celles-ci sont interpr\u00e9t\u00e9es pour permettre de choisir les corrections appropri\u00e9es afin de r\u00e9tablir l\u2019\u00e9quilibre \u00e9nerg\u00e9tique et physique de la personne.<\/div><div>\u00a0<\/div><div><strong>3- ANALYSE DES CORPS SUBTILS PRINCIPAUX :<\/strong><\/div><div><strong>CORPS PHYSIQUE :<\/strong> D\u00e9s\u00e9quilibres et dysfonctionnements des syst\u00e8mes, organes, humeurs, neurotransmetteurs, \u00e9monctoires, etc&#8230;<\/div><div>\u00a0<\/div><div><strong>CORPS ETHERIQUE<\/strong> : chakras<\/div><div>\u00a0<\/div><div><strong>CORPS EMOTIONNEL :<\/strong><\/div><div>Lib\u00e9ration des blessures et blocages li\u00e9s \u00e0 plusieurs aspects de notre vie :<\/div><div>Au niveau personnel, la Vie intra ut\u00e9rine , l\u2019enfance , l\u2019adolescence et les relations avec les membres de la famille , les ins\u00e9curit\u00e9s et culpabilit\u00e9s, l\u2019affectif, l\u2019identit\u00e9 , la communication , la sexualit\u00e9 \u2026<\/div><div>Au niveau professionnel, relation aux autres et avec le travail<\/div><div>Au niveau sant\u00e9, la relation \u00e0 la maladie<\/div><div>Au niveau financier, la relation \u00e0 l\u2019argent<\/div><div>Au niveau familial, les blessures et traumas transg\u00e9n\u00e9rationnels<\/div><div>Au niveau vies ant\u00e9rieures, les blocages, les v\u0153ux , dettes et n\u0153uds karmiques<\/div><div>\u00a0<\/div><div><strong>CORPS MENTAL :<\/strong><\/div><div>Viser \u00e0 nettoyer l\u2019esprit des \u00e9motions n\u00e9gatives, des croyances limitantes et des \u00e9nergies toxiques , des habitudes, des m\u00e9canismes\u00a0 \u00a0 de survie, de la r\u00e9sistance \u00e9motionnelle<\/div><div>Explorez le lien entre les blessures , les croyances et les probl\u00e8mes de sant\u00e9<\/div><div>Harmoniser son f\u00e9minin sacr\u00e9 et masculin sacr\u00e9<\/div><div>Se rapprocher de la connaissance de soi, de la conscience , de l\u2019\u00e9veil, et de son chemin de vie<\/div><div>Devenir acteur de sa sant\u00e9 et de sa vie ; d\u00e9velopper ses intelligences et ses capacit\u00e9s.<\/div><div>\u00a0<\/div><p><strong>4- DEROULEMENT DE LA PREMIERE SEANCE\u00a0: DUREE 1H30<\/strong><\/p><p><strong>ANAMNESE\u00a0:<\/strong> Outil pour comprendre l\u2019\u00e9tat de sant\u00e9 conscient de la personne, reconstituer le but de la consultation, les \u00e9tats physique et psychique, les facteurs de pr\u00e9disposition et ant\u00e9c\u00e9dents familiaux.<\/p><p><strong>BILAN DE VITALITE\u00a0:<\/strong> v\u00e9rification taux vibratoire et vitalit\u00e9\u00a0; recherche des d\u00e9s\u00e9quilibres et dysfonctionnements au niveau des syst\u00e8mes, organes, m\u00e9moires cellulaires, chakras; analyse du mode de vie\u00a0: activit\u00e9 physique, alimentation, sommeil, environnement<\/p><p><strong>SOIN\u00a0:<\/strong> Lib\u00e9ration de m\u00e9moires et blocages sur les m\u00e9ridiens , sur des points d\u2019acupressure, par une action \u00e9nerg\u00e9tique au niveau du cerveau pour permettre \u00e0 l\u2019organisme de reprendre sa force vitale inn\u00e9e et stimuler sa capacit\u00e9 d\u2019auto-gu\u00e9rison<\/p><p><strong>SEANCES SUIVANTES\u00a0: DUREE 1H<\/strong><br \/>SOIN en fonction de l\u2019\u00e9volution de la personne<\/p>\t\t\t\t\t\t\t\t<\/div>\n\t\t\t\t<\/div>\n\t\t\t\t<\/div>\n\t\t\t\t<\/div>\n\t\t\t\t<\/div>\n\t\t\t\t<\/div>\n\t\t","protected":false},"excerpt":{"rendered":"<p>Naturopathie Quantique 1- DEFINITION\u00a0: La naturopathie quantique est une approche qui combine les principes traditionnels de la naturopathie avec des notions de la physique quantique\u00a0; en se basant sur l\u2019id\u00e9e que le corps humain est non seulement compos\u00e9 de mati\u00e8re, mais aussi d\u2019\u00e9nergie et de champs qui interagissent \u00e0 un niveau subtil. En agissant sur [&hellip;]<\/p>\n","protected":false},"author":1,"featured_media":0,"parent":0,"menu_order":0,"comment_status":"closed","ping_status":"closed","template":"","meta":{"footnotes":""},"class_list":["post-916","page","type-page","status-publish","hentry"],"_links":{"self":[{"href":"https:\/\/www.zen-therapies.com\/index.php?rest_route=\/wp\/v2\/pages\/916","targetHints":{"allow":["GET"]}}],"collection":[{"href":"https:\/\/www.zen-therapies.com\/index.php?rest_route=\/wp\/v2\/pages"}],"about":[{"href":"https:\/\/www.zen-therapies.com\/index.php?rest_route=\/wp\/v2\/types\/page"}],"author":[{"embeddable":true,"href":"https:\/\/www.zen-therapies.com\/index.php?rest_route=\/wp\/v2\/users\/1"}],"replies":[{"embeddable":true,"href":"https:\/\/www.zen-therapies.com\/index.php?rest_route=%2Fwp%2Fv2%2Fcomments&post=916"}],"version-history":[{"count":4,"href":"https:\/\/www.zen-therapies.com\/index.php?rest_route=\/wp\/v2\/pages\/916\/revisions"}],"predecessor-version":[{"id":923,"href":"https:\/\/www.zen-therapies.com\/index.php?rest_route=\/wp\/v2\/pages\/916\/revisions\/923"}],"wp:attachment":[{"href":"https:\/\/www.zen-therapies.com\/index.php?rest_route=%2Fwp%2Fv2%2Fmedia&parent=916"}],"curies":[{"name":"wp","href":"https:\/\/api.w.org\/{rel}","templated":true}]}}