{"id":674,"date":"2025-02-18T09:45:37","date_gmt":"2025-02-18T08:45:37","guid":{"rendered":"https:\/\/www.new.zen-therapies.com\/?page_id=674"},"modified":"2025-02-25T22:51:33","modified_gmt":"2025-02-25T21:51:33","slug":"reflexotherapie","status":"publish","type":"page","link":"https:\/\/www.zen-therapies.com\/?page_id=674","title":{"rendered":"REFLEXOTHERAPIE"},"content":{"rendered":"\t\t<div data-elementor-type=\"wp-page\" data-elementor-id=\"674\" class=\"elementor elementor-674\">\n\t\t\t\t<div class=\"elementor-element elementor-element-407f980 e-flex e-con-boxed e-con e-parent\" data-id=\"407f980\" data-element_type=\"container\">\n\t\t\t\t\t<div class=\"e-con-inner\">\n\t\t\t\t<div class=\"elementor-element elementor-element-fdf8920 elementor-position-left elementor-position-top elementor-vertical-align-top elementor-widget elementor-widget-image-box\" data-id=\"fdf8920\" data-element_type=\"widget\" data-widget_type=\"image-box.default\">\n\t\t\t\t<div class=\"elementor-widget-container\">\n\t\t\t\t\t<div class=\"elementor-image-box-wrapper\"><figure class=\"elementor-image-box-img\"><a href=\"https:\/\/www.new.zen-therapies.com\/?page_id=94\" tabindex=\"-1\"><img decoding=\"async\" width=\"150\" height=\"150\" src=\"https:\/\/www.zen-therapies.com\/wp-content\/uploads\/2025\/02\/les-points-bqc_51-150x150.jpg\" class=\"attachment-thumbnail size-thumbnail wp-image-683\" alt=\"\" \/><\/a><\/figure><div class=\"elementor-image-box-content\"><h2 class=\"elementor-image-box-title\"><a href=\"https:\/\/www.new.zen-therapies.com\/?page_id=94\">R\u00e9flexologie globale<\/a><\/h2><p class=\"elementor-image-box-description\"><b>Qu\u2019 est ce que la r\u00e9fl\u00e9xologie globale ?\n<\/b>\nLa r\u00e9flexologie globale ou r\u00e9flexoth\u00e9rapie, est une science bas\u00e9e sur l\u2019observation et la stimulation de zones dites r\u00e9flexes, appartenant \u00e0 diff\u00e9rents micro-syst\u00e8mes, afin de r\u00e9guler l\u2019ensemble du corps, en r\u00e9tablissant l\u2019hom\u00e9ostasie.<\/p><\/div><\/div>\t\t\t\t<\/div>\n\t\t\t\t<\/div>\n\t\t\t\t\t<\/div>\n\t\t\t\t<\/div>\n\t\t<div class=\"elementor-element elementor-element-7a72f39 e-flex e-con-boxed e-con e-parent\" data-id=\"7a72f39\" data-element_type=\"container\">\n\t\t\t\t\t<div class=\"e-con-inner\">\n\t\t\t\t<div class=\"elementor-element elementor-element-c7eefda elementor-position-left elementor-position-left elementor-vertical-align-top elementor-vertical-align-top elementor-widget elementor-widget-image-box\" data-id=\"c7eefda\" data-element_type=\"widget\" data-widget_type=\"image-box.default\">\n\t\t\t\t<div class=\"elementor-widget-container\">\n\t\t\t\t\t<div class=\"elementor-image-box-wrapper\"><figure class=\"elementor-image-box-img\"><a href=\"https:\/\/www.new.zen-therapies.com\/?page_id=358\" tabindex=\"-1\"><img decoding=\"async\" width=\"150\" height=\"150\" src=\"https:\/\/www.zen-therapies.com\/wp-content\/uploads\/2025\/02\/logo-dienchan_31-150x150.jpg\" class=\"attachment-thumbnail size-thumbnail wp-image-677\" alt=\"\" \/><\/a><\/figure><div class=\"elementor-image-box-content\"><h2 class=\"elementor-image-box-title\"><a href=\"https:\/\/www.new.zen-therapies.com\/?page_id=358\">M\u00e9thode DIen Chan<\/a><\/h2><p class=\"elementor-image-box-description\"><b>Qu\u2019est ce que le Dien chan ou r\u00e9flexologie faciale ?\n<\/b>Le Dien Chan est une technique r\u00e9flexologique, \u00e9galement nomm\u00e9e r\u00e9flexologie faciale ou Dien Chan, mise en place par le Professeur B\u00f9i Qu\u00f4c Ch\u00e2u, au Vietnam, dans le milieu des ann\u00e9es 70.<\/p><\/div><\/div>\t\t\t\t<\/div>\n\t\t\t\t<\/div>\n\t\t\t\t\t<\/div>\n\t\t\t\t<\/div>\n\t\t<div class=\"elementor-element elementor-element-5842df0 e-flex e-con-boxed e-con e-parent\" data-id=\"5842df0\" data-element_type=\"container\">\n\t\t\t\t\t<div class=\"e-con-inner\">\n\t\t\t\t<div class=\"elementor-element elementor-element-d39747f elementor-position-left elementor-position-left elementor-vertical-align-top elementor-vertical-align-top elementor-widget elementor-widget-image-box\" data-id=\"d39747f\" data-element_type=\"widget\" data-widget_type=\"image-box.default\">\n\t\t\t\t<div class=\"elementor-widget-container\">\n\t\t\t\t\t<div class=\"elementor-image-box-wrapper\"><figure class=\"elementor-image-box-img\"><a href=\"https:\/\/www.new.zen-therapies.com\/?page_id=358\" tabindex=\"-1\"><img decoding=\"async\" width=\"150\" height=\"150\" src=\"https:\/\/www.zen-therapies.com\/wp-content\/uploads\/2025\/02\/front_logo_61-150x150.gif\" class=\"attachment-thumbnail size-thumbnail wp-image-679\" alt=\"\" \/><\/a><\/figure><div class=\"elementor-image-box-content\"><h2 class=\"elementor-image-box-title\"><a href=\"https:\/\/www.new.zen-therapies.com\/?page_id=358\">Eveil de la M\u00e9moire Corporelle<\/a><\/h2><p class=\"elementor-image-box-description\">Le but de l'E.M.C. est de vous amener \u00e0 comprendre d\u2019o\u00f9 viennent les malaises et les maladies et pourquoi nous en souffrons.<\/p><\/div><\/div>\t\t\t\t<\/div>\n\t\t\t\t<\/div>\n\t\t\t\t\t<\/div>\n\t\t\t\t<\/div>\n\t\t\t\t<\/div>\n\t\t","protected":false},"excerpt":{"rendered":"<p>R\u00e9flexologie globale Qu\u2019 est ce que la r\u00e9fl\u00e9xologie globale ? La r\u00e9flexologie globale ou r\u00e9flexoth\u00e9rapie, est une science bas\u00e9e sur l\u2019observation et la stimulation de zones dites r\u00e9flexes, appartenant \u00e0 diff\u00e9rents micro-syst\u00e8mes, afin de r\u00e9guler l\u2019ensemble du corps, en r\u00e9tablissant l\u2019hom\u00e9ostasie. M\u00e9thode DIen Chan Qu\u2019est ce que le Dien chan ou r\u00e9flexologie faciale ? Le [&hellip;]<\/p>\n","protected":false},"author":1,"featured_media":0,"parent":0,"menu_order":0,"comment_status":"closed","ping_status":"closed","template":"","meta":{"footnotes":""},"class_list":["post-674","page","type-page","status-publish","hentry"],"_links":{"self":[{"href":"https:\/\/www.zen-therapies.com\/index.php?rest_route=\/wp\/v2\/pages\/674","targetHints":{"allow":["GET"]}}],"collection":[{"href":"https:\/\/www.zen-therapies.com\/index.php?rest_route=\/wp\/v2\/pages"}],"about":[{"href":"https:\/\/www.zen-therapies.com\/index.php?rest_route=\/wp\/v2\/types\/page"}],"author":[{"embeddable":true,"href":"https:\/\/www.zen-therapies.com\/index.php?rest_route=\/wp\/v2\/users\/1"}],"replies":[{"embeddable":true,"href":"https:\/\/www.zen-therapies.com\/index.php?rest_route=%2Fwp%2Fv2%2Fcomments&post=674"}],"version-history":[{"count":22,"href":"https:\/\/www.zen-therapies.com\/index.php?rest_route=\/wp\/v2\/pages\/674\/revisions"}],"predecessor-version":[{"id":788,"href":"https:\/\/www.zen-therapies.com\/index.php?rest_route=\/wp\/v2\/pages\/674\/revisions\/788"}],"wp:attachment":[{"href":"https:\/\/www.zen-therapies.com\/index.php?rest_route=%2Fwp%2Fv2%2Fmedia&parent=674"}],"curies":[{"name":"wp","href":"https:\/\/api.w.org\/{rel}","templated":true}]}}