{"id":598,"date":"2025-02-18T09:20:38","date_gmt":"2025-02-18T08:20:38","guid":{"rendered":"https:\/\/www.new.zen-therapies.com\/?page_id=598"},"modified":"2025-02-25T18:36:23","modified_gmt":"2025-02-25T17:36:23","slug":"boutique","status":"publish","type":"page","link":"https:\/\/www.zen-therapies.com\/?page_id=598","title":{"rendered":"BIJOUX"},"content":{"rendered":"\t\t<div data-elementor-type=\"wp-page\" data-elementor-id=\"598\" class=\"elementor elementor-598\">\n\t\t\t\t<div class=\"elementor-element elementor-element-52a48667 e-flex e-con-boxed e-con e-parent\" data-id=\"52a48667\" data-element_type=\"container\">\n\t\t\t\t\t<div class=\"e-con-inner\">\n\t\t\t\t<div class=\"elementor-element elementor-element-3e6bcabe elementor-widget elementor-widget-heading\" data-id=\"3e6bcabe\" data-element_type=\"widget\" data-widget_type=\"heading.default\">\n\t\t\t\t<div class=\"elementor-widget-container\">\n\t\t\t\t\t<h2 class=\"elementor-heading-title elementor-size-default\">Bijoux biog\u00e9om\u00e9trie personnalis\u00e9s<\/h2>\t\t\t\t<\/div>\n\t\t\t\t<\/div>\n\t\t\t\t\t<\/div>\n\t\t\t\t<\/div>\n\t\t<div class=\"elementor-element elementor-element-743ba4e9 e-con-full e-flex e-con e-parent\" data-id=\"743ba4e9\" data-element_type=\"container\">\n\t\t<div class=\"elementor-element elementor-element-6fc867ef e-con-full e-flex e-con e-child\" data-id=\"6fc867ef\" data-element_type=\"container\" data-settings=\"{&quot;background_background&quot;:&quot;classic&quot;}\">\n\t\t<div class=\"elementor-element elementor-element-35c81dea e-con-full e-flex e-con e-child\" data-id=\"35c81dea\" data-element_type=\"container\" data-settings=\"{&quot;background_background&quot;:&quot;classic&quot;}\">\n\t\t\t\t<div class=\"elementor-element elementor-element-632e5093 gallery-spacing-custom elementor-widget elementor-widget-image-gallery\" data-id=\"632e5093\" data-element_type=\"widget\" data-widget_type=\"image-gallery.default\">\n\t\t\t\t<div class=\"elementor-widget-container\">\n\t\t\t\t\t\t\t<div class=\"elementor-image-gallery\">\n\t\t\t<div id='gallery-1' class='gallery galleryid-598 gallery-columns-2 gallery-size-medium'><figure class='gallery-item'>\n\t\t\t<div class='gallery-icon portrait'>\n\t\t\t\t<a data-elementor-open-lightbox=\"yes\" data-elementor-lightbox-slideshow=\"632e5093\" data-e-action-hash=\"#elementor-action%3Aaction%3Dlightbox%26settings%3DeyJpZCI6NjA0LCJ1cmwiOiJodHRwczpcL1wvd3d3Lnplbi10aGVyYXBpZXMuY29tXC93cC1jb250ZW50XC91cGxvYWRzXC8yMDI1XC8wMlwvSU1HXzIzNjQtc2NhbGVkLmpwZyIsInNsaWRlc2hvdyI6IjYzMmU1MDkzIn0%3D\" href='https:\/\/www.zen-therapies.com\/wp-content\/uploads\/2025\/02\/IMG_2364-scaled.jpg'><img fetchpriority=\"high\" decoding=\"async\" width=\"225\" height=\"300\" src=\"https:\/\/www.zen-therapies.com\/wp-content\/uploads\/2025\/02\/IMG_2364-225x300.jpg\" class=\"attachment-medium size-medium\" alt=\"\" srcset=\"https:\/\/www.zen-therapies.com\/wp-content\/uploads\/2025\/02\/IMG_2364-225x300.jpg 225w, https:\/\/www.zen-therapies.com\/wp-content\/uploads\/2025\/02\/IMG_2364-768x1024.jpg 768w, https:\/\/www.zen-therapies.com\/wp-content\/uploads\/2025\/02\/IMG_2364-1152x1536.jpg 1152w, https:\/\/www.zen-therapies.com\/wp-content\/uploads\/2025\/02\/IMG_2364-1536x2048.jpg 1536w, https:\/\/www.zen-therapies.com\/wp-content\/uploads\/2025\/02\/IMG_2364-scaled.jpg 1920w\" sizes=\"(max-width: 225px) 100vw, 225px\" \/><\/a>\n\t\t\t<\/div><\/figure><figure class='gallery-item'>\n\t\t\t<div class='gallery-icon portrait'>\n\t\t\t\t<a data-elementor-open-lightbox=\"yes\" data-elementor-lightbox-slideshow=\"632e5093\" data-e-action-hash=\"#elementor-action%3Aaction%3Dlightbox%26settings%3DeyJpZCI6NjAwLCJ1cmwiOiJodHRwczpcL1wvd3d3Lnplbi10aGVyYXBpZXMuY29tXC93cC1jb250ZW50XC91cGxvYWRzXC8yMDI1XC8wMlwvSU1HXzIxNzktc2NhbGVkLmpwZyIsInNsaWRlc2hvdyI6IjYzMmU1MDkzIn0%3D\" href='https:\/\/www.zen-therapies.com\/wp-content\/uploads\/2025\/02\/IMG_2179-scaled.jpg'><img decoding=\"async\" width=\"225\" height=\"300\" src=\"https:\/\/www.zen-therapies.com\/wp-content\/uploads\/2025\/02\/IMG_2179-225x300.jpg\" class=\"attachment-medium size-medium\" alt=\"\" srcset=\"https:\/\/www.zen-therapies.com\/wp-content\/uploads\/2025\/02\/IMG_2179-225x300.jpg 225w, https:\/\/www.zen-therapies.com\/wp-content\/uploads\/2025\/02\/IMG_2179-768x1024.jpg 768w, https:\/\/www.zen-therapies.com\/wp-content\/uploads\/2025\/02\/IMG_2179-1152x1536.jpg 1152w, https:\/\/www.zen-therapies.com\/wp-content\/uploads\/2025\/02\/IMG_2179-1536x2048.jpg 1536w, https:\/\/www.zen-therapies.com\/wp-content\/uploads\/2025\/02\/IMG_2179-scaled.jpg 1920w\" sizes=\"(max-width: 225px) 100vw, 225px\" \/><\/a>\n\t\t\t<\/div><\/figure><figure class='gallery-item'>\n\t\t\t<div class='gallery-icon portrait'>\n\t\t\t\t<a data-elementor-open-lightbox=\"yes\" data-elementor-lightbox-slideshow=\"632e5093\" data-e-action-hash=\"#elementor-action%3Aaction%3Dlightbox%26settings%3DeyJpZCI6NjA1LCJ1cmwiOiJodHRwczpcL1wvd3d3Lnplbi10aGVyYXBpZXMuY29tXC93cC1jb250ZW50XC91cGxvYWRzXC8yMDI1XC8wMlwvSU1HXzIzNzYtc2NhbGVkLmpwZyIsInNsaWRlc2hvdyI6IjYzMmU1MDkzIn0%3D\" href='https:\/\/www.zen-therapies.com\/wp-content\/uploads\/2025\/02\/IMG_2376-scaled.jpg'><img decoding=\"async\" width=\"225\" height=\"300\" src=\"https:\/\/www.zen-therapies.com\/wp-content\/uploads\/2025\/02\/IMG_2376-225x300.jpg\" class=\"attachment-medium size-medium\" alt=\"\" srcset=\"https:\/\/www.zen-therapies.com\/wp-content\/uploads\/2025\/02\/IMG_2376-225x300.jpg 225w, https:\/\/www.zen-therapies.com\/wp-content\/uploads\/2025\/02\/IMG_2376-768x1024.jpg 768w, https:\/\/www.zen-therapies.com\/wp-content\/uploads\/2025\/02\/IMG_2376-1152x1536.jpg 1152w, https:\/\/www.zen-therapies.com\/wp-content\/uploads\/2025\/02\/IMG_2376-1536x2048.jpg 1536w, https:\/\/www.zen-therapies.com\/wp-content\/uploads\/2025\/02\/IMG_2376-scaled.jpg 1920w\" sizes=\"(max-width: 225px) 100vw, 225px\" \/><\/a>\n\t\t\t<\/div><\/figure><figure class='gallery-item'>\n\t\t\t<div class='gallery-icon portrait'>\n\t\t\t\t<a data-elementor-open-lightbox=\"yes\" data-elementor-lightbox-slideshow=\"632e5093\" data-e-action-hash=\"#elementor-action%3Aaction%3Dlightbox%26settings%3DeyJpZCI6NjAxLCJ1cmwiOiJodHRwczpcL1wvd3d3Lnplbi10aGVyYXBpZXMuY29tXC93cC1jb250ZW50XC91cGxvYWRzXC8yMDI1XC8wMlwvSU1HXzIzNzItc2NhbGVkLmpwZyIsInNsaWRlc2hvdyI6IjYzMmU1MDkzIn0%3D\" href='https:\/\/www.zen-therapies.com\/wp-content\/uploads\/2025\/02\/IMG_2372-scaled.jpg'><img loading=\"lazy\" decoding=\"async\" width=\"225\" height=\"300\" src=\"https:\/\/www.zen-therapies.com\/wp-content\/uploads\/2025\/02\/IMG_2372-225x300.jpg\" class=\"attachment-medium size-medium\" alt=\"\" srcset=\"https:\/\/www.zen-therapies.com\/wp-content\/uploads\/2025\/02\/IMG_2372-225x300.jpg 225w, https:\/\/www.zen-therapies.com\/wp-content\/uploads\/2025\/02\/IMG_2372-768x1024.jpg 768w, https:\/\/www.zen-therapies.com\/wp-content\/uploads\/2025\/02\/IMG_2372-1152x1536.jpg 1152w, https:\/\/www.zen-therapies.com\/wp-content\/uploads\/2025\/02\/IMG_2372-1536x2048.jpg 1536w, https:\/\/www.zen-therapies.com\/wp-content\/uploads\/2025\/02\/IMG_2372-scaled.jpg 1920w\" sizes=\"(max-width: 225px) 100vw, 225px\" \/><\/a>\n\t\t\t<\/div><\/figure><figure class='gallery-item'>\n\t\t\t<div class='gallery-icon portrait'>\n\t\t\t\t<a data-elementor-open-lightbox=\"yes\" data-elementor-lightbox-slideshow=\"632e5093\" data-e-action-hash=\"#elementor-action%3Aaction%3Dlightbox%26settings%3DeyJpZCI6NjAzLCJ1cmwiOiJodHRwczpcL1wvd3d3Lnplbi10aGVyYXBpZXMuY29tXC93cC1jb250ZW50XC91cGxvYWRzXC8yMDI1XC8wMlwvSU1HXzI1MDktc2NhbGVkLmpwZyIsInNsaWRlc2hvdyI6IjYzMmU1MDkzIn0%3D\" href='https:\/\/www.zen-therapies.com\/wp-content\/uploads\/2025\/02\/IMG_2509-scaled.jpg'><img loading=\"lazy\" decoding=\"async\" width=\"225\" height=\"300\" src=\"https:\/\/www.zen-therapies.com\/wp-content\/uploads\/2025\/02\/IMG_2509-225x300.jpg\" class=\"attachment-medium size-medium\" alt=\"\" srcset=\"https:\/\/www.zen-therapies.com\/wp-content\/uploads\/2025\/02\/IMG_2509-225x300.jpg 225w, https:\/\/www.zen-therapies.com\/wp-content\/uploads\/2025\/02\/IMG_2509-768x1024.jpg 768w, https:\/\/www.zen-therapies.com\/wp-content\/uploads\/2025\/02\/IMG_2509-1152x1536.jpg 1152w, https:\/\/www.zen-therapies.com\/wp-content\/uploads\/2025\/02\/IMG_2509-1536x2048.jpg 1536w, https:\/\/www.zen-therapies.com\/wp-content\/uploads\/2025\/02\/IMG_2509-scaled.jpg 1920w\" sizes=\"(max-width: 225px) 100vw, 225px\" \/><\/a>\n\t\t\t<\/div><\/figure><figure class='gallery-item'>\n\t\t\t<div class='gallery-icon portrait'>\n\t\t\t\t<a data-elementor-open-lightbox=\"yes\" data-elementor-lightbox-slideshow=\"632e5093\" data-e-action-hash=\"#elementor-action%3Aaction%3Dlightbox%26settings%3DeyJpZCI6NjA2LCJ1cmwiOiJodHRwczpcL1wvd3d3Lnplbi10aGVyYXBpZXMuY29tXC93cC1jb250ZW50XC91cGxvYWRzXC8yMDI1XC8wMlwvSU1HXzI1MDMtc2NhbGVkLmpwZyIsInNsaWRlc2hvdyI6IjYzMmU1MDkzIn0%3D\" href='https:\/\/www.zen-therapies.com\/wp-content\/uploads\/2025\/02\/IMG_2503-scaled.jpg'><img loading=\"lazy\" decoding=\"async\" width=\"225\" height=\"300\" src=\"https:\/\/www.zen-therapies.com\/wp-content\/uploads\/2025\/02\/IMG_2503-225x300.jpg\" class=\"attachment-medium size-medium\" alt=\"\" srcset=\"https:\/\/www.zen-therapies.com\/wp-content\/uploads\/2025\/02\/IMG_2503-225x300.jpg 225w, https:\/\/www.zen-therapies.com\/wp-content\/uploads\/2025\/02\/IMG_2503-768x1024.jpg 768w, https:\/\/www.zen-therapies.com\/wp-content\/uploads\/2025\/02\/IMG_2503-1152x1536.jpg 1152w, https:\/\/www.zen-therapies.com\/wp-content\/uploads\/2025\/02\/IMG_2503-1536x2048.jpg 1536w, https:\/\/www.zen-therapies.com\/wp-content\/uploads\/2025\/02\/IMG_2503-scaled.jpg 1920w\" sizes=\"(max-width: 225px) 100vw, 225px\" \/><\/a>\n\t\t\t<\/div><\/figure>\n\t\t<\/div>\n\t\t<\/div>\n\t\t\t\t\t\t<\/div>\n\t\t\t\t<\/div>\n\t\t\t\t<\/div>\n\t\t<div class=\"elementor-element elementor-element-1bb8f974 e-con-full e-flex e-con e-child\" data-id=\"1bb8f974\" data-element_type=\"container\" data-settings=\"{&quot;background_background&quot;:&quot;classic&quot;}\">\n\t\t\t\t<div class=\"elementor-element elementor-element-53e66d83 elementor-widget elementor-widget-text-editor\" data-id=\"53e66d83\" data-element_type=\"widget\" data-widget_type=\"text-editor.default\">\n\t\t\t\t<div class=\"elementor-widget-container\">\n\t\t\t\t\t\t\t\t\t<h4><strong>Qu&rsquo; est ce que la biog\u00e9om\u00e9trie ?<br \/><\/strong><\/h4><p>La <strong>BioG\u00e9om\u00e9trie<\/strong> est une discipline qui combine des \u00e9l\u00e9ments de biologie et de g\u00e9om\u00e9trie pour cr\u00e9er des environnements harmonieux et \u00e9quilibr\u00e9s. Voici quelques points cl\u00e9s sur cette science :<\/p><ol start=\"1\"><li><p><strong>Origines<\/strong> : La BioG\u00e9om\u00e9trie a \u00e9t\u00e9 d\u00e9velopp\u00e9e par le Dr. Ibrahim Karim, qui a consacr\u00e9 plus de 50 ans \u00e0 la recherche dans ce domaine.<\/p><\/li><li><p><strong>Principe de base<\/strong> : Elle repose sur l&rsquo;id\u00e9e que les formes g\u00e9om\u00e9triques et les proportions peuvent influencer l&rsquo;\u00e9nergie subtile des organes du corps et de l&rsquo;environnement.<\/p><\/li><li><p><strong>Applications<\/strong> : Elle est utilis\u00e9e dans divers domaines, notamment l&rsquo;architecture, la construction et la sant\u00e9. Par exemple, des diagrammes lin\u00e9aires appel\u00e9s BioSignatures peuvent \u00eatre plac\u00e9s dans les champs \u00e9nerg\u00e9tiques du corps pour cr\u00e9er une connexion par la r\u00e9sonance de la forme.<\/p><\/li><li><p><strong>Harmonisation<\/strong> : L&rsquo;objectif est d&rsquo;harmoniser l&rsquo;\u00e9change d&rsquo;\u00e9nergie subtile entre le corps et l&rsquo;environnement, ce qui peut contribuer \u00e0 une meilleure sant\u00e9 et bien-\u00eatre.<\/p><\/li><\/ol><h4><strong>Pourquoi des bijoux biog\u00e9om\u00e9trie personnalis\u00e9s ?<\/strong><\/h4><p>Voici quelques raisons pour lesquelles ils sont si populaires :<\/p><p><strong>1 Uniques et uniques<\/strong> : Chaque bijou personnalis\u00e9 est unique et ne ressemble \u00e0 aucun autre. Cela en fait un cadeau exceptionnel qui montre que vous avez pris le temps de choisir quelque chose de sp\u00e9cial.<\/p><p><strong>2. <\/strong><strong>Signature personnelle<\/strong> : Les bijoux personnalis\u00e9s peuvent porter des symboles qui ont une signification particuli\u00e8re pour la personne en fonction des organes , parties du corps ou pathologies. Cela ajoute une capacit\u00e9 de mieux \u00eatre et rend le cadeau encore plus pr\u00e9cieux.<\/p><p><strong>3.\u00a0<\/strong><strong>Qu\u2019est ce qu\u2019une BioSignature<\/strong><\/p><p>C\u2019est un ensemble de diagrammes lin\u00e9aires qui entrent en r\u00e9sonance avec les sch\u00e9mas du flux d\u2019\u00e9nergie dans les organes du corps.<\/p><p>Ils sont similaires aux m\u00e9ridiens de l\u2019acupuncture chinoise avec la diff\u00e9rence que les BioSignatures sont en relation avec la forme de l\u2019organe tandis que les m\u00e9ridiens sont en relation avec l\u2019entiert\u00e9 du corps humain.<\/p>\t\t\t\t\t\t\t\t<\/div>\n\t\t\t\t<\/div>\n\t\t\t\t<\/div>\n\t\t\t\t<\/div>\n\t\t\t\t<\/div>\n\t\t<div class=\"elementor-element elementor-element-e30f7b8 e-flex e-con-boxed e-con e-parent\" data-id=\"e30f7b8\" data-element_type=\"container\">\n\t\t\t\t\t<div class=\"e-con-inner\">\n\t\t\t\t\t<\/div>\n\t\t\t\t<\/div>\n\t\t\t\t<\/div>\n\t\t","protected":false},"excerpt":{"rendered":"<p>Bijoux biog\u00e9om\u00e9trie personnalis\u00e9s Qu&rsquo; est ce que la biog\u00e9om\u00e9trie ? La BioG\u00e9om\u00e9trie est une discipline qui combine des \u00e9l\u00e9ments de biologie et de g\u00e9om\u00e9trie pour cr\u00e9er des environnements harmonieux et \u00e9quilibr\u00e9s. Voici quelques points cl\u00e9s sur cette science : Origines : La BioG\u00e9om\u00e9trie a \u00e9t\u00e9 d\u00e9velopp\u00e9e par le Dr. Ibrahim Karim, qui a consacr\u00e9 plus [&hellip;]<\/p>\n","protected":false},"author":1,"featured_media":0,"parent":0,"menu_order":0,"comment_status":"closed","ping_status":"closed","template":"","meta":{"footnotes":""},"class_list":["post-598","page","type-page","status-publish","hentry"],"_links":{"self":[{"href":"https:\/\/www.zen-therapies.com\/index.php?rest_route=\/wp\/v2\/pages\/598","targetHints":{"allow":["GET"]}}],"collection":[{"href":"https:\/\/www.zen-therapies.com\/index.php?rest_route=\/wp\/v2\/pages"}],"about":[{"href":"https:\/\/www.zen-therapies.com\/index.php?rest_route=\/wp\/v2\/types\/page"}],"author":[{"embeddable":true,"href":"https:\/\/www.zen-therapies.com\/index.php?rest_route=\/wp\/v2\/users\/1"}],"replies":[{"embeddable":true,"href":"https:\/\/www.zen-therapies.com\/index.php?rest_route=%2Fwp%2Fv2%2Fcomments&post=598"}],"version-history":[{"count":14,"href":"https:\/\/www.zen-therapies.com\/index.php?rest_route=\/wp\/v2\/pages\/598\/revisions"}],"predecessor-version":[{"id":741,"href":"https:\/\/www.zen-therapies.com\/index.php?rest_route=\/wp\/v2\/pages\/598\/revisions\/741"}],"wp:attachment":[{"href":"https:\/\/www.zen-therapies.com\/index.php?rest_route=%2Fwp%2Fv2%2Fmedia&parent=598"}],"curies":[{"name":"wp","href":"https:\/\/api.w.org\/{rel}","templated":true}]}}