{"id":467,"date":"2025-01-28T20:22:16","date_gmt":"2025-01-28T19:22:16","guid":{"rendered":"https:\/\/www.new.zen-therapies.com\/?page_id=467"},"modified":"2025-01-28T20:25:41","modified_gmt":"2025-01-28T19:25:41","slug":"naturopathie","status":"publish","type":"page","link":"https:\/\/www.zen-therapies.com\/?page_id=467","title":{"rendered":"NATUROPATHIE"},"content":{"rendered":"\t\t<div data-elementor-type=\"wp-page\" data-elementor-id=\"467\" class=\"elementor elementor-467\">\n\t\t\t\t<div class=\"elementor-element elementor-element-bce6adc e-flex e-con-boxed e-con e-parent\" data-id=\"bce6adc\" data-element_type=\"container\">\n\t\t\t\t\t<div class=\"e-con-inner\">\n\t\t\t\t<div class=\"elementor-element elementor-element-1d8fdfb elementor-widget elementor-widget-heading\" data-id=\"1d8fdfb\" data-element_type=\"widget\" data-widget_type=\"heading.default\">\n\t\t\t\t<div class=\"elementor-widget-container\">\n\t\t\t\t\t<h2 class=\"elementor-heading-title elementor-size-default\">NATUROPATHIE<\/h2>\t\t\t\t<\/div>\n\t\t\t\t<\/div>\n\t\t\t\t\t<\/div>\n\t\t\t\t<\/div>\n\t\t<div class=\"elementor-element elementor-element-8ef2211 e-flex e-con-boxed e-con e-parent\" data-id=\"8ef2211\" data-element_type=\"container\">\n\t\t\t\t\t<div class=\"e-con-inner\">\n\t\t\t\t<div class=\"elementor-element elementor-element-251be3f elementor-widget elementor-widget-text-editor\" data-id=\"251be3f\" data-element_type=\"widget\" data-widget_type=\"text-editor.default\">\n\t\t\t\t<div class=\"elementor-widget-container\">\n\t\t\t\t\t\t\t\t\t<h3>Pourquoi la naturopathie<\/h3><p>Reconnue par l\u2019OMS (Organisation mondiale de la Sant\u00e9) comme \u00e9tant la 3\u00e8 m\u00e9decine traditionnelle, aux cot\u00e9s de la M\u00e9decine Traditionnelle Chinoise et de la M\u00e9decine Ayurv\u00e9dique, la naturoth\u00e9rapie est une m\u00e9decine holistique, qui prend en consid\u00e9ration tous les aspects de la personne et cherche \u00e0 agir, non pas sur le sympt\u00f4me, mais sur la cause.<\/p><p>Le naturopathe a une double mission, celle de th\u00e9rapeute, qui permet \u00e0 la personne de retrouver la sant\u00e9 et celle d\u2019\u00e9ducateur de sant\u00e9, par laquelle il donne des conseils d\u2019hygi\u00e8ne vitale, dans le but que la personne conserve la sant\u00e9 sur le long terme. Nous sommes de passage sur votre chemin de vie afin de vous guider vers une meilleure sant\u00e9 et une prise de conscience de l&rsquo;importance d&rsquo;une bonne hygi\u00e8ne de vie au quotidien. Combin\u00e9e avec nos th\u00e9rapies br\u00e8ves sur l&rsquo;\u00e9motionnel, la naturopathie nous permet un travail plus en profondeur, et plus pr\u00e9cis dans la recherche de la cause.<\/p><p>Tout soin effectu\u00e9 dans notre cabinet nous permet de vous \u00e9tablir une facture, au titre de la naturopathie ou autre th\u00e9rapie, afin de la pr\u00e9senter \u00e0 votre mutuelle dans le but d&rsquo;obtenir un remboursement partiel ou total.<\/p>\t\t\t\t\t\t\t\t<\/div>\n\t\t\t\t<\/div>\n\t\t\t\t\t<\/div>\n\t\t\t\t<\/div>\n\t\t\t\t<\/div>\n\t\t","protected":false},"excerpt":{"rendered":"<p>NATUROPATHIE Pourquoi la naturopathie Reconnue par l\u2019OMS (Organisation mondiale de la Sant\u00e9) comme \u00e9tant la 3\u00e8 m\u00e9decine traditionnelle, aux cot\u00e9s de la M\u00e9decine Traditionnelle Chinoise et de la M\u00e9decine Ayurv\u00e9dique, la naturoth\u00e9rapie est une m\u00e9decine holistique, qui prend en consid\u00e9ration tous les aspects de la personne et cherche \u00e0 agir, non pas sur le sympt\u00f4me, [&hellip;]<\/p>\n","protected":false},"author":1,"featured_media":0,"parent":0,"menu_order":0,"comment_status":"closed","ping_status":"closed","template":"","meta":{"footnotes":""},"class_list":["post-467","page","type-page","status-publish","hentry"],"_links":{"self":[{"href":"https:\/\/www.zen-therapies.com\/index.php?rest_route=\/wp\/v2\/pages\/467","targetHints":{"allow":["GET"]}}],"collection":[{"href":"https:\/\/www.zen-therapies.com\/index.php?rest_route=\/wp\/v2\/pages"}],"about":[{"href":"https:\/\/www.zen-therapies.com\/index.php?rest_route=\/wp\/v2\/types\/page"}],"author":[{"embeddable":true,"href":"https:\/\/www.zen-therapies.com\/index.php?rest_route=\/wp\/v2\/users\/1"}],"replies":[{"embeddable":true,"href":"https:\/\/www.zen-therapies.com\/index.php?rest_route=%2Fwp%2Fv2%2Fcomments&post=467"}],"version-history":[{"count":7,"href":"https:\/\/www.zen-therapies.com\/index.php?rest_route=\/wp\/v2\/pages\/467\/revisions"}],"predecessor-version":[{"id":475,"href":"https:\/\/www.zen-therapies.com\/index.php?rest_route=\/wp\/v2\/pages\/467\/revisions\/475"}],"wp:attachment":[{"href":"https:\/\/www.zen-therapies.com\/index.php?rest_route=%2Fwp%2Fv2%2Fmedia&parent=467"}],"curies":[{"name":"wp","href":"https:\/\/api.w.org\/{rel}","templated":true}]}}