{"id":448,"date":"2025-01-28T15:10:59","date_gmt":"2025-01-28T14:10:59","guid":{"rendered":"https:\/\/www.new.zen-therapies.com\/?page_id=448"},"modified":"2025-02-25T18:41:10","modified_gmt":"2025-02-25T17:41:10","slug":"elementor-page-448","status":"publish","type":"page","link":"https:\/\/www.zen-therapies.com\/?page_id=448","title":{"rendered":"Les M\u00e9ridiens de la MEDECINE CHINOISE"},"content":{"rendered":"\t\t<div data-elementor-type=\"wp-page\" data-elementor-id=\"448\" class=\"elementor elementor-448\">\n\t\t\t\t<div class=\"elementor-element elementor-element-5b339b1d e-flex e-con-boxed e-con e-parent\" data-id=\"5b339b1d\" data-element_type=\"container\">\n\t\t\t\t\t<div class=\"e-con-inner\">\n\t\t\t\t<div class=\"elementor-element elementor-element-15fe8329 elementor-widget elementor-widget-heading\" data-id=\"15fe8329\" data-element_type=\"widget\" data-widget_type=\"heading.default\">\n\t\t\t\t<div class=\"elementor-widget-container\">\n\t\t\t\t\t<h2 class=\"elementor-heading-title elementor-size-default\">Les m\u00e9ridiens de la m\u00e9decine chinoise\n<\/h2>\t\t\t\t<\/div>\n\t\t\t\t<\/div>\n\t\t\t\t\t<\/div>\n\t\t\t\t<\/div>\n\t\t<div class=\"elementor-element elementor-element-2b4e43eb e-con-full e-flex e-con e-parent\" data-id=\"2b4e43eb\" data-element_type=\"container\">\n\t\t<div class=\"elementor-element elementor-element-5f64c43d e-con-full e-flex e-con e-child\" data-id=\"5f64c43d\" data-element_type=\"container\" data-settings=\"{&quot;background_background&quot;:&quot;classic&quot;}\">\n\t\t<div class=\"elementor-element elementor-element-14c3bcf7 e-con-full e-flex e-con e-child\" data-id=\"14c3bcf7\" data-element_type=\"container\" data-settings=\"{&quot;background_background&quot;:&quot;classic&quot;}\">\n\t\t\t\t<div class=\"elementor-element elementor-element-137cbb04 elementor-widget elementor-widget-text-editor\" data-id=\"137cbb04\" data-element_type=\"widget\" data-widget_type=\"text-editor.default\">\n\t\t\t\t<div class=\"elementor-widget-container\">\n\t\t\t\t\t\t\t\t\t<p>La m\u00e9decine chinoise appelle \u00ab M\u00e9ridiens \u00bb les canaux qu\u2019empruntent l\u2019\u00e9nergie (certains les appellent \u00ab m\u00e9ridiens chinois \u00bb). Ce sont eux qui permettent \u00e0 l\u2019\u00e9nergie de circuler dans l\u2019organisme et faire ainsi fonctionner le corps tout entier.<br \/>Sur chaque m\u00e9ridien, il y a de tr\u00e8s nombreux points (les fameux points d\u2019acupuncture des m\u00e9ridiens de la m\u00e9decine chinoise) sur lesquelles il est possible d\u2019intervenir pour aider l\u2019organisme \u00e0 lutter contre une pathologie ou \u00e0 tonifier certaines parties du corps dans un but pr\u00e9ventif.<\/p><p>Les scientifiques modernes ont d\u00e9couvert en mesurant les charges \u00e9lectriques, que les points d\u2019acupuncture ont une r\u00e9sistance \u00e9lectrique plus faible par rapport au reste de la peau. Ceci confirme que l\u2019\u00e9nergie environnante p\u00e9n\u00e8tre notre corps par ces points pour ensuite rentrer dans les canaux d\u2019\u00e9nergie et se m\u00ealer \u00e0 l\u2019\u00e9nergie des M\u00e9ridiens.<br \/>De ce fait, lorsqu\u2019on les presse, les tapote, les pique avec des aiguilles\u2026 Ces points cr\u00e9eront des effets particuliers sur les muscles, tissus et cellules environnantes mais aussi sur le trajet du M\u00e9ridien concern\u00e9. De plus, les techniques (tapotement, pression, etc.) utilis\u00e9es pour \u00abtravailler\u00bb sur le point influeront sur le r\u00e9sultat.<\/p><p>Les m\u00e9ridiens principaux sont au nombre de 12 et sont la poutre maitresse de l\u2019acupuncture, du tuina et du shiatsu. Ils parcourent la t\u00eate, le tronc, l\u2019abdomen et les membres tant\u00f4t sur la partie ant\u00e9rieure du corps, tant\u00f4t sur la partie post\u00e9rieure et forme un syst\u00e8me de circulation ferm\u00e9e. Chaque M\u00e9ridien \u00e0 son trajet propre, son horaire \u00e9nerg\u00e9tique et correspond \u00e0 un organe, \u00e0 une entraille ou \u00e0 une fonction dont il porte le nom:<\/p><p>\u00a0<\/p><div><strong>1. Les m\u00e9ridiens correspondant aux cinq organes sont\u00a0\u00ab\u00a0Yin\u00a0\u00bb , dits\u00a0<\/strong><strong>\u00ab\u00a0pleins\u00a0\u00bb<\/strong><strong>\u00a0:\u00a0<\/strong><strong>FOIE, POUMON, COEUR, RATE, REINS<br \/><\/strong><\/div><div>\u00a0<\/div><div><strong>2. Les m\u00e9ridiens correspondant aux cinq entrailles sont\u00a0\u00ab\u00a0Yang \u00bb,\u00a0<\/strong><strong>appel\u00e9s \u00ab\u00a0creux\u00a0\u00bb<\/strong><strong>\u00a0:\u00a0<\/strong><strong>ESTOMAC, INTESTIN GRELE, VESICULE BILIAIRE, GROS INTESTIN, VESSIE<\/strong><\/div><div>\u00a0<\/div><div><strong>3. Les m\u00e9ridiens correspondant aux 2 fonctions sp\u00e9ciales sont :<\/strong><strong>\u00a0PERICARDE ou MAITRE COEUR\u00a0(de nature \u00ab\u00a0Yin\u00a0\u00bb),\u00a0TRIPLE RECHAUFFEUR\u00a0(les trois Foyers de nature \u00ab\u00a0Yang\u00a0\u00bb)<\/strong><\/div><p>\u00a0<\/p>\t\t\t\t\t\t\t\t<\/div>\n\t\t\t\t<\/div>\n\t\t\t\t<\/div>\n\t\t\t\t<\/div>\n\t\t\t\t<\/div>\n\t\t\t\t<\/div>\n\t\t","protected":false},"excerpt":{"rendered":"<p>Les m\u00e9ridiens de la m\u00e9decine chinoise La m\u00e9decine chinoise appelle \u00ab M\u00e9ridiens \u00bb les canaux qu\u2019empruntent l\u2019\u00e9nergie (certains les appellent \u00ab m\u00e9ridiens chinois \u00bb). Ce sont eux qui permettent \u00e0 l\u2019\u00e9nergie de circuler dans l\u2019organisme et faire ainsi fonctionner le corps tout entier.Sur chaque m\u00e9ridien, il y a de tr\u00e8s nombreux points (les fameux points [&hellip;]<\/p>\n","protected":false},"author":1,"featured_media":0,"parent":0,"menu_order":0,"comment_status":"closed","ping_status":"closed","template":"","meta":{"footnotes":""},"class_list":["post-448","page","type-page","status-publish","hentry"],"_links":{"self":[{"href":"https:\/\/www.zen-therapies.com\/index.php?rest_route=\/wp\/v2\/pages\/448","targetHints":{"allow":["GET"]}}],"collection":[{"href":"https:\/\/www.zen-therapies.com\/index.php?rest_route=\/wp\/v2\/pages"}],"about":[{"href":"https:\/\/www.zen-therapies.com\/index.php?rest_route=\/wp\/v2\/types\/page"}],"author":[{"embeddable":true,"href":"https:\/\/www.zen-therapies.com\/index.php?rest_route=\/wp\/v2\/users\/1"}],"replies":[{"embeddable":true,"href":"https:\/\/www.zen-therapies.com\/index.php?rest_route=%2Fwp%2Fv2%2Fcomments&post=448"}],"version-history":[{"count":21,"href":"https:\/\/www.zen-therapies.com\/index.php?rest_route=\/wp\/v2\/pages\/448\/revisions"}],"predecessor-version":[{"id":748,"href":"https:\/\/www.zen-therapies.com\/index.php?rest_route=\/wp\/v2\/pages\/448\/revisions\/748"}],"wp:attachment":[{"href":"https:\/\/www.zen-therapies.com\/index.php?rest_route=%2Fwp%2Fv2%2Fmedia&parent=448"}],"curies":[{"name":"wp","href":"https:\/\/api.w.org\/{rel}","templated":true}]}}