{"id":358,"date":"2025-01-28T09:00:49","date_gmt":"2025-01-28T08:00:49","guid":{"rendered":"https:\/\/www.new.zen-therapies.com\/?page_id=358"},"modified":"2025-02-25T18:40:32","modified_gmt":"2025-02-25T17:40:32","slug":"elementor-page-358","status":"publish","type":"page","link":"https:\/\/www.zen-therapies.com\/?page_id=358","title":{"rendered":"La m\u00e9thode DIEN CHAN"},"content":{"rendered":"\t\t<div data-elementor-type=\"wp-page\" data-elementor-id=\"358\" class=\"elementor elementor-358\">\n\t\t\t\t<div class=\"elementor-element elementor-element-56c8b8ee e-flex e-con-boxed e-con e-parent\" data-id=\"56c8b8ee\" data-element_type=\"container\">\n\t\t\t\t\t<div class=\"e-con-inner\">\n\t\t\t\t<div class=\"elementor-element elementor-element-541b896e elementor-widget elementor-widget-heading\" data-id=\"541b896e\" data-element_type=\"widget\" data-widget_type=\"heading.default\">\n\t\t\t\t<div class=\"elementor-widget-container\">\n\t\t\t\t\t<h2 class=\"elementor-heading-title elementor-size-default\">M\u00e9thode DIen Chan\n<\/h2>\t\t\t\t<\/div>\n\t\t\t\t<\/div>\n\t\t\t\t\t<\/div>\n\t\t\t\t<\/div>\n\t\t<div class=\"elementor-element elementor-element-53c8eb25 e-con-full e-flex e-con e-parent\" data-id=\"53c8eb25\" data-element_type=\"container\">\n\t\t<div class=\"elementor-element elementor-element-379dc323 e-con-full e-flex e-con e-child\" data-id=\"379dc323\" data-element_type=\"container\" data-settings=\"{&quot;background_background&quot;:&quot;classic&quot;}\">\n\t\t<div class=\"elementor-element elementor-element-64e9d5f0 e-con-full e-flex e-con e-child\" data-id=\"64e9d5f0\" data-element_type=\"container\" data-settings=\"{&quot;background_background&quot;:&quot;classic&quot;}\">\n\t\t\t\t<div class=\"elementor-element elementor-element-264a3722 gallery-spacing-custom elementor-widget elementor-widget-image-gallery\" data-id=\"264a3722\" data-element_type=\"widget\" data-widget_type=\"image-gallery.default\">\n\t\t\t\t<div class=\"elementor-widget-container\">\n\t\t\t\t\t\t\t<div class=\"elementor-image-gallery\">\n\t\t\t<div id='gallery-1' class='gallery galleryid-358 gallery-columns-1 gallery-size-full'><figure class='gallery-item'>\n\t\t\t<div class='gallery-icon portrait'>\n\t\t\t\t<a data-elementor-open-lightbox=\"yes\" data-elementor-lightbox-slideshow=\"264a3722\" data-e-action-hash=\"#elementor-action%3Aaction%3Dlightbox%26settings%3DeyJpZCI6MzYyLCJ1cmwiOiJodHRwczpcL1wvd3d3Lnplbi10aGVyYXBpZXMuY29tXC93cC1jb250ZW50XC91cGxvYWRzXC8yMDI1XC8wMVwvbGVzLXBvaW50cy1icWNfNTEuanBnIiwic2xpZGVzaG93IjoiMjY0YTM3MjIifQ%3D%3D\" href='https:\/\/www.zen-therapies.com\/wp-content\/uploads\/2025\/01\/les-points-bqc_51.jpg'><img fetchpriority=\"high\" decoding=\"async\" width=\"1724\" height=\"2033\" src=\"https:\/\/www.zen-therapies.com\/wp-content\/uploads\/2025\/01\/les-points-bqc_51.jpg\" class=\"attachment-full size-full\" alt=\"\" srcset=\"https:\/\/www.zen-therapies.com\/wp-content\/uploads\/2025\/01\/les-points-bqc_51.jpg 1724w, https:\/\/www.zen-therapies.com\/wp-content\/uploads\/2025\/01\/les-points-bqc_51-254x300.jpg 254w, https:\/\/www.zen-therapies.com\/wp-content\/uploads\/2025\/01\/les-points-bqc_51-868x1024.jpg 868w, https:\/\/www.zen-therapies.com\/wp-content\/uploads\/2025\/01\/les-points-bqc_51-768x906.jpg 768w, https:\/\/www.zen-therapies.com\/wp-content\/uploads\/2025\/01\/les-points-bqc_51-1303x1536.jpg 1303w\" sizes=\"(max-width: 1724px) 100vw, 1724px\" \/><\/a>\n\t\t\t<\/div><\/figure><figure class='gallery-item'>\n\t\t\t<div class='gallery-icon portrait'>\n\t\t\t\t<a data-elementor-open-lightbox=\"yes\" data-elementor-lightbox-slideshow=\"264a3722\" data-e-action-hash=\"#elementor-action%3Aaction%3Dlightbox%26settings%3DeyJpZCI6MzYwLCJ1cmwiOiJodHRwczpcL1wvd3d3Lnplbi10aGVyYXBpZXMuY29tXC93cC1jb250ZW50XC91cGxvYWRzXC8yMDI1XC8wMVwvZGllbi1jaGFuLXNjaGVtYXMtZGUtcmVmbGV4aW9uXzExMS1zY2FsZWQuanBnIiwic2xpZGVzaG93IjoiMjY0YTM3MjIifQ%3D%3D\" href='https:\/\/www.zen-therapies.com\/wp-content\/uploads\/2025\/01\/dien-chan-schemas-de-reflexion_111-scaled.jpg'><img decoding=\"async\" width=\"1986\" height=\"2560\" src=\"https:\/\/www.zen-therapies.com\/wp-content\/uploads\/2025\/01\/dien-chan-schemas-de-reflexion_111-scaled.jpg\" class=\"attachment-full size-full\" alt=\"\" srcset=\"https:\/\/www.zen-therapies.com\/wp-content\/uploads\/2025\/01\/dien-chan-schemas-de-reflexion_111-scaled.jpg 1986w, https:\/\/www.zen-therapies.com\/wp-content\/uploads\/2025\/01\/dien-chan-schemas-de-reflexion_111-233x300.jpg 233w, https:\/\/www.zen-therapies.com\/wp-content\/uploads\/2025\/01\/dien-chan-schemas-de-reflexion_111-794x1024.jpg 794w, https:\/\/www.zen-therapies.com\/wp-content\/uploads\/2025\/01\/dien-chan-schemas-de-reflexion_111-768x990.jpg 768w, https:\/\/www.zen-therapies.com\/wp-content\/uploads\/2025\/01\/dien-chan-schemas-de-reflexion_111-1192x1536.jpg 1192w, https:\/\/www.zen-therapies.com\/wp-content\/uploads\/2025\/01\/dien-chan-schemas-de-reflexion_111-1589x2048.jpg 1589w\" sizes=\"(max-width: 1986px) 100vw, 1986px\" \/><\/a>\n\t\t\t<\/div><\/figure><figure class='gallery-item'>\n\t\t\t<div class='gallery-icon landscape'>\n\t\t\t\t<a data-elementor-open-lightbox=\"yes\" data-elementor-lightbox-slideshow=\"264a3722\" data-e-action-hash=\"#elementor-action%3Aaction%3Dlightbox%26settings%3DeyJpZCI6MzYxLCJ1cmwiOiJodHRwczpcL1wvd3d3Lnplbi10aGVyYXBpZXMuY29tXC93cC1jb250ZW50XC91cGxvYWRzXC8yMDI1XC8wMVwvcDExMDk2MTRfMTEyLmpwZyIsInNsaWRlc2hvdyI6IjI2NGEzNzIyIn0%3D\" href='https:\/\/www.zen-therapies.com\/wp-content\/uploads\/2025\/01\/p1109614_112.jpg'><img decoding=\"async\" width=\"1236\" height=\"927\" src=\"https:\/\/www.zen-therapies.com\/wp-content\/uploads\/2025\/01\/p1109614_112.jpg\" class=\"attachment-full size-full\" alt=\"\" srcset=\"https:\/\/www.zen-therapies.com\/wp-content\/uploads\/2025\/01\/p1109614_112.jpg 1236w, https:\/\/www.zen-therapies.com\/wp-content\/uploads\/2025\/01\/p1109614_112-300x225.jpg 300w, https:\/\/www.zen-therapies.com\/wp-content\/uploads\/2025\/01\/p1109614_112-1024x768.jpg 1024w, https:\/\/www.zen-therapies.com\/wp-content\/uploads\/2025\/01\/p1109614_112-768x576.jpg 768w\" sizes=\"(max-width: 1236px) 100vw, 1236px\" \/><\/a>\n\t\t\t<\/div><\/figure>\n\t\t<\/div>\n\t\t<\/div>\n\t\t\t\t\t\t<\/div>\n\t\t\t\t<\/div>\n\t\t\t\t<\/div>\n\t\t<div class=\"elementor-element elementor-element-319786a3 e-con-full e-flex e-con e-child\" data-id=\"319786a3\" data-element_type=\"container\" data-settings=\"{&quot;background_background&quot;:&quot;classic&quot;}\">\n\t\t\t\t<div class=\"elementor-element elementor-element-6e8ab340 elementor-widget elementor-widget-text-editor\" data-id=\"6e8ab340\" data-element_type=\"widget\" data-widget_type=\"text-editor.default\">\n\t\t\t\t<div class=\"elementor-widget-container\">\n\t\t\t\t\t\t\t\t\t<h3>Qu&rsquo;est ce que le Dien chan ou r\u00e9flexologie faciale ?<\/h3><p>Le<strong> Dien Chan<\/strong> est une <strong>technique r\u00e9flexologique<\/strong>, \u00e9galement nomm\u00e9e <strong>r\u00e9flexologie faciale<\/strong> ou Dien Chan, mise en place par le <strong>Professeur B\u00f9i Qu\u00f4c Ch\u00e2u<\/strong>, au <strong>Vietnam<\/strong>, dans le milieu des ann\u00e9es 70.<\/p><p>Cette m\u00e9thode non invasive consiste \u00e0 <strong>stimuler sans aiguilles<\/strong> , des zones et <strong>points de r\u00e9flexion du visage<\/strong> pour mobiliser les <strong>processus naturels d&rsquo;autor\u00e9gulation<\/strong>. C&rsquo;est \u00e0 l&rsquo;aide d&rsquo;instruments sp\u00e9cifiques que le praticien va stimuler diff\u00e9rents points afin de soulager les douleurs et de r\u00e9guler certains troubles fonctionnels du corps. Les effets seront plus ou moins imm\u00e9diats selon l&rsquo;intensit\u00e9 ou l&rsquo;anciennet\u00e9 du trouble.<\/p><p>Le dien chan est aujourd&rsquo;hui pr\u00e9sent dans plus de 35 pays. Il est reconnu par l&rsquo;Acad\u00e9mie de M\u00e9decine Traditionnelle Chinoise de P\u00e9kin, comme une des th\u00e9rapies orientales invent\u00e9es hors de Chine et dont les r\u00e9sultats sont les plus rapides de toutes les th\u00e9rapies connues \u00e0 ce jour.<\/p><p>Le Dien Chan peut se d\u00e9finir par l\u2019association : De sch\u00e9mas de r\u00e9flexion refl\u00e9tant le corps sur le visage ou sur une autre partie du corps. Des points dits BQC (diff\u00e9rents des points d\u2019acupuncture) utilis\u00e9s seuls ou combin\u00e9s entre eux. Des outils BQC (mis en place par le Professeur B\u00f9i Qu\u00f4c Ch\u00e2u) permettant d\u2019agir sur les zones et points r\u00e9flexes de mani\u00e8re diff\u00e9rente.<\/p><p><strong>DIEN= visage\/surface<\/strong><\/p><p><strong>CHAN= observation et traitement ( diagnostique)<\/strong><\/p><p>Le visage est\u00a0 une partie de la t\u00eate qui est le centre de commandement de tout le corps. Le visage est \u00e9galement richement vascularis\u00e9 et innerv\u00e9 ( par le nerf trijumeau , nerf facial ) et travers\u00e9 par de nombreux canaux. Selon la m\u00e9decine orientale o\u00f9 les stocks de Yang QI , et tous les m\u00e9ridiens yang passent par la face, de la vessie , par exemple navire d&rsquo;administration, intestin gr\u00e8le, triple r\u00e9chauffeur, la v\u00e9sicule biliaire du gros intestin et de l&rsquo;estomac canaux. Cette carast\u00e9ristique explique pourquoi le visage est si sensible en comparaison avec d&rsquo;autres parties du corps . En outre, la complexit\u00e9 de la structure du visage permet \u00e0 ses muscles pour exprimer tous les sentiments d&rsquo;une personne. Ce ph\u00e9nom\u00e8ne est unique car aucune autre partie du corps peut soit fonctionner de cette mani\u00e8re ou jouisse de ces privil\u00e8ges. En outre, l&rsquo;acupuncture traditionnelle enseigne que dans le visage d&rsquo;une personne, il y a tous les d\u00e9l\u00e9gu\u00e9s des organes vitaux de l individu , \u00e0 savoir\u00a0 les oreilles pour les reins , le nez pour les poumons, les yeux pour le foie , les l\u00e8vres et la bouche\u00a0 de la rate , et la langue pour le coeur. Par cons\u00e9quent, en agissant sur le visage, l&rsquo;acupuncteur peut r\u00e9gulariser le fonctionnement des organes pr\u00e9cit\u00e9s du corps.<\/p><p><strong>Attention cette m\u00e9thode ne convient pas aux femmes enceintes.<br \/><\/strong><\/p><p><strong>Plus d&rsquo;informations sur le site de l&rsquo;\u00e9cole\u00a0<a href=\"http:\/\/www.france-reflexologie.fr\/\">FRANCE REFLEXOLOGIE<\/a>\u00a0\u00e0 BRON<\/strong><\/p>\t\t\t\t\t\t\t\t<\/div>\n\t\t\t\t<\/div>\n\t\t\t\t<\/div>\n\t\t\t\t<\/div>\n\t\t\t\t<\/div>\n\t\t\t\t<\/div>\n\t\t","protected":false},"excerpt":{"rendered":"<p>M\u00e9thode DIen Chan Qu&rsquo;est ce que le Dien chan ou r\u00e9flexologie faciale ? Le Dien Chan est une technique r\u00e9flexologique, \u00e9galement nomm\u00e9e r\u00e9flexologie faciale ou Dien Chan, mise en place par le Professeur B\u00f9i Qu\u00f4c Ch\u00e2u, au Vietnam, dans le milieu des ann\u00e9es 70. Cette m\u00e9thode non invasive consiste \u00e0 stimuler sans aiguilles , des [&hellip;]<\/p>\n","protected":false},"author":1,"featured_media":0,"parent":0,"menu_order":0,"comment_status":"closed","ping_status":"closed","template":"","meta":{"footnotes":""},"class_list":["post-358","page","type-page","status-publish","hentry"],"_links":{"self":[{"href":"https:\/\/www.zen-therapies.com\/index.php?rest_route=\/wp\/v2\/pages\/358","targetHints":{"allow":["GET"]}}],"collection":[{"href":"https:\/\/www.zen-therapies.com\/index.php?rest_route=\/wp\/v2\/pages"}],"about":[{"href":"https:\/\/www.zen-therapies.com\/index.php?rest_route=\/wp\/v2\/types\/page"}],"author":[{"embeddable":true,"href":"https:\/\/www.zen-therapies.com\/index.php?rest_route=\/wp\/v2\/users\/1"}],"replies":[{"embeddable":true,"href":"https:\/\/www.zen-therapies.com\/index.php?rest_route=%2Fwp%2Fv2%2Fcomments&post=358"}],"version-history":[{"count":26,"href":"https:\/\/www.zen-therapies.com\/index.php?rest_route=\/wp\/v2\/pages\/358\/revisions"}],"predecessor-version":[{"id":747,"href":"https:\/\/www.zen-therapies.com\/index.php?rest_route=\/wp\/v2\/pages\/358\/revisions\/747"}],"wp:attachment":[{"href":"https:\/\/www.zen-therapies.com\/index.php?rest_route=%2Fwp%2Fv2%2Fmedia&parent=358"}],"curies":[{"name":"wp","href":"https:\/\/api.w.org\/{rel}","templated":true}]}}